{"id":9032,"date":"2025-12-13T14:39:31","date_gmt":"2025-12-13T13:39:31","guid":{"rendered":"https:\/\/www.saoma.ch\/?page_id=9032"},"modified":"2026-04-20T23:03:57","modified_gmt":"2026-04-20T21:03:57","slug":"bons-cadeaux","status":"publish","type":"page","link":"https:\/\/www.saoma.ch\/?page_id=9032","title":{"rendered":"Bons cadeaux"},"content":{"rendered":"\t\t<div data-elementor-type=\"wp-page\" data-elementor-id=\"9032\" class=\"elementor elementor-9032\" data-elementor-post-type=\"page\">\n\t\t\t\t\t\t<section class=\"elementor-section elementor-top-section elementor-element elementor-element-6fd27d5 elementor-section-full_width elementor-section-height-default elementor-section-height-default\" data-id=\"6fd27d5\" data-element_type=\"section\" data-e-type=\"section\">\n\t\t\t\t\t\t<div class=\"elementor-container elementor-column-gap-default\">\n\t\t\t\t\t<div class=\"elementor-column elementor-col-100 elementor-top-column elementor-element elementor-element-a878f58\" data-id=\"a878f58\" data-element_type=\"column\" data-e-type=\"column\">\n\t\t\t<div class=\"elementor-widget-wrap elementor-element-populated\">\n\t\t\t\t\t\t<div class=\"elementor-element elementor-element-8bda85d elementor-widget elementor-widget-heading\" data-id=\"8bda85d\" data-element_type=\"widget\" data-e-type=\"widget\" data-widget_type=\"heading.default\">\n\t\t\t\t<div class=\"elementor-widget-container\">\n\t\t\t\t\t<h1 class=\"elementor-heading-title elementor-size-default\">La f\u00eates des m\u00e8res approche !<\/h1>\t\t\t\t<\/div>\n\t\t\t\t<\/div>\n\t\t\t\t<div class=\"elementor-element elementor-element-052d187 elementor-widget-divider--view-line elementor-widget elementor-widget-divider\" data-id=\"052d187\" data-element_type=\"widget\" data-e-type=\"widget\" data-widget_type=\"divider.default\">\n\t\t\t\t<div class=\"elementor-widget-container\">\n\t\t\t\t\t\t\t<div class=\"elementor-divider\">\n\t\t\t<span class=\"elementor-divider-separator\">\n\t\t\t\t\t\t<\/span>\n\t\t<\/div>\n\t\t\t\t\t\t<\/div>\n\t\t\t\t<\/div>\n\t\t\t\t\t<\/div>\n\t\t<\/div>\n\t\t\t\t\t<\/div>\n\t\t<\/section>\n\t\t\t\t<section class=\"elementor-section elementor-top-section elementor-element elementor-element-7d38a8c elementor-section-full_width elementor-section-height-default elementor-section-height-default\" data-id=\"7d38a8c\" data-element_type=\"section\" data-e-type=\"section\">\n\t\t\t\t\t\t<div class=\"elementor-container elementor-column-gap-default\">\n\t\t\t\t\t<div class=\"elementor-column elementor-col-50 elementor-top-column elementor-element elementor-element-911a556\" data-id=\"911a556\" data-element_type=\"column\" data-e-type=\"column\">\n\t\t\t<div class=\"elementor-widget-wrap elementor-element-populated\">\n\t\t\t\t\t\t<div class=\"elementor-element elementor-element-5abf27e elementor-widget elementor-widget-text-editor\" data-id=\"5abf27e\" data-element_type=\"widget\" data-e-type=\"widget\" data-widget_type=\"text-editor.default\">\n\t\t\t\t<div class=\"elementor-widget-container\">\n\t\t\t\t\t\t\t\t\t<div><p>Tu choisis le montant et la personne l\u2019utilise pour le soin qu\u2019elle souhaite. Comme \u00e7a, aucun doute que \u00e7a lui fera v\u00e9ritablement plaisir ! Et si tu te questionnes encore, j&rsquo;accompagne autant les enfants, et les adultes de tous \u00e2ges.<\/p><p>Passes ta commande d\u00e8s maintenant et re\u00e7ois ton bon print@home.<\/p><\/div><div><strong>Les conditions<br \/><\/strong><strong><br \/><\/strong><\/div><ul><li>Validit\u00e9 un an \u00e0 partir de la date d\u2019\u00e9mission<\/li><li>Pas de remboursement en esp\u00e8ce (report sur un prochain soin)<\/li><\/ul>\t\t\t\t\t\t\t\t<\/div>\n\t\t\t\t<\/div>\n\t\t\t\t<div class=\"elementor-element elementor-element-ae79bd3 elementor-widget elementor-widget-text-editor\" data-id=\"ae79bd3\" data-element_type=\"widget\" data-e-type=\"widget\" data-widget_type=\"text-editor.default\">\n\t\t\t\t<div class=\"elementor-widget-container\">\n\t\t\t\t\t\t\t\t\t<div data-id=\"efb177e\" data-element_type=\"widget\" data-widget_type=\"text-editor.default\"><div><div><strong>Valable sur les soins de bases en cabinet :<\/strong><\/div><div><strong>\u00a0<\/strong><\/div><\/div><\/div><section data-id=\"86fbe33\" data-element_type=\"section\"><div><div data-id=\"563e9bb\" data-element_type=\"column\"><div><div data-id=\"0881b9e\" data-element_type=\"widget\" data-widget_type=\"text-editor.default\"><div><ul><li><a href=\"https:\/\/www.saoma.ch\/?page_id=827\" target=\"_blank\" rel=\"noopener\">Bior\u00e9sonance<\/a><\/li><li><a href=\"https:\/\/www.saoma.ch\/?page_id=1344\" target=\"_blank\" rel=\"noopener\">Coaching \u00e9motionnel<\/a><\/li><li><a href=\"https:\/\/www.saoma.ch\/?page_id=823\" target=\"_blank\" rel=\"noopener\">EFT \u2013 psychologie \u00e9nerg\u00e9tique<\/a><\/li><li><a href=\"https:\/\/www.saoma.ch\/?page_id=1878\" target=\"_blank\" rel=\"noopener\">Hypnose r\u00e9gressive<\/a><\/li><li><a href=\"https:\/\/www.saoma.ch\/?page_id=2154\" target=\"_blank\" rel=\"noopener\">Soins aux ventouses<\/a><\/li><li><a href=\"https:\/\/www.saoma.ch\/?page_id=8563\" target=\"_blank\" rel=\"noopener\">Voyage au tambour<\/a><\/li><\/ul><div>Les tarifs se trouvent en bas de page des soins respectifs.\u00a0<\/div><div><strong>Le 10% est offert pour la f\u00eates des m\u00e8res ou l&rsquo;anniversaire du receveur.<\/strong><\/div><\/div><\/div><\/div><\/div><\/div><\/section>\t\t\t\t\t\t\t\t<\/div>\n\t\t\t\t<\/div>\n\t\t\t\t\t<\/div>\n\t\t<\/div>\n\t\t\t\t<div class=\"elementor-column elementor-col-50 elementor-top-column elementor-element elementor-element-3012102\" data-id=\"3012102\" data-element_type=\"column\" data-e-type=\"column\">\n\t\t\t<div class=\"elementor-widget-wrap elementor-element-populated\">\n\t\t\t\t\t\t<div class=\"elementor-element elementor-element-da7fcc9 elementor-widget elementor-widget-image\" data-id=\"da7fcc9\" data-element_type=\"widget\" data-e-type=\"widget\" data-widget_type=\"image.default\">\n\t\t\t\t<div class=\"elementor-widget-container\">\n\t\t\t\t\t\t\t\t\t\t\t\t<figure class=\"wp-caption\">\n\t\t\t\t\t\t\t\t\t\t<img fetchpriority=\"high\" decoding=\"async\" width=\"1024\" height=\"726\" src=\"https:\/\/www.saoma.ch\/wp-content\/uploads\/2026\/01\/Bon-cadeau-saOMa-A6-148-x-105-mm1-1024x726.png\" class=\"attachment-large size-large wp-image-10058\" alt=\"\" srcset=\"https:\/\/www.saoma.ch\/wp-content\/uploads\/2026\/01\/Bon-cadeau-saOMa-A6-148-x-105-mm1-1024x726.png 1024w, https:\/\/www.saoma.ch\/wp-content\/uploads\/2026\/01\/Bon-cadeau-saOMa-A6-148-x-105-mm1-300x213.png 300w, https:\/\/www.saoma.ch\/wp-content\/uploads\/2026\/01\/Bon-cadeau-saOMa-A6-148-x-105-mm1-768x545.png 768w, https:\/\/www.saoma.ch\/wp-content\/uploads\/2026\/01\/Bon-cadeau-saOMa-A6-148-x-105-mm1-1536x1090.png 1536w, https:\/\/www.saoma.ch\/wp-content\/uploads\/2026\/01\/Bon-cadeau-saOMa-A6-148-x-105-mm1.png 1748w\" sizes=\"(max-width: 1024px) 100vw, 1024px\" \/>\t\t\t\t\t\t\t\t\t\t\t<figcaption class=\"widget-image-caption wp-caption-text\"><\/figcaption>\n\t\t\t\t\t\t\t\t\t\t<\/figure>\n\t\t\t\t\t\t\t\t\t<\/div>\n\t\t\t\t<\/div>\n\t\t\t\t<div class=\"elementor-element elementor-element-45760c6 elementor-align-justify elementor-widget elementor-widget-button\" data-id=\"45760c6\" data-element_type=\"widget\" data-e-type=\"widget\" data-widget_type=\"button.default\">\n\t\t\t\t<div class=\"elementor-widget-container\">\n\t\t\t\t\t\t\t\t\t<div class=\"elementor-button-wrapper\">\n\t\t\t\t\t<a class=\"elementor-button elementor-button-link elementor-size-sm\" href=\"https:\/\/api.whatsapp.com\/send?phone=41796229548#\" target=\"_blank\">\n\t\t\t\t\t\t<span class=\"elementor-button-content-wrapper\">\n\t\t\t\t\t\t<span class=\"elementor-button-icon\">\n\t\t\t\t<i aria-hidden=\"true\" class=\"fab fa-whatsapp\"><\/i>\t\t\t<\/span>\n\t\t\t\t\t\t\t\t\t<span class=\"elementor-button-text\">Je passe ma commande<\/span>\n\t\t\t\t\t<\/span>\n\t\t\t\t\t<\/a>\n\t\t\t\t<\/div>\n\t\t\t\t\t\t\t\t<\/div>\n\t\t\t\t<\/div>\n\t\t\t\t\t<\/div>\n\t\t<\/div>\n\t\t\t\t\t<\/div>\n\t\t<\/section>\n\t\t\t\t<section class=\"elementor-section elementor-top-section elementor-element elementor-element-62b523f elementor-section-full_width elementor-section-height-default elementor-section-height-default\" data-id=\"62b523f\" data-element_type=\"section\" data-e-type=\"section\">\n\t\t\t\t\t\t<div class=\"elementor-container elementor-column-gap-default\">\n\t\t\t\t\t<div class=\"elementor-column elementor-col-100 elementor-top-column elementor-element elementor-element-42391a9\" data-id=\"42391a9\" data-element_type=\"column\" data-e-type=\"column\">\n\t\t\t<div class=\"elementor-widget-wrap elementor-element-populated\">\n\t\t\t\t\t\t<div class=\"elementor-element elementor-element-88db370 elementor-widget-divider--view-line elementor-widget elementor-widget-divider\" data-id=\"88db370\" data-element_type=\"widget\" data-e-type=\"widget\" data-widget_type=\"divider.default\">\n\t\t\t\t<div class=\"elementor-widget-container\">\n\t\t\t\t\t\t\t<div class=\"elementor-divider\">\n\t\t\t<span class=\"elementor-divider-separator\">\n\t\t\t\t\t\t<\/span>\n\t\t<\/div>\n\t\t\t\t\t\t<\/div>\n\t\t\t\t<\/div>\n\t\t\t\t\t<\/div>\n\t\t<\/div>\n\t\t\t\t\t<\/div>\n\t\t<\/section>\n\t\t\t\t<\/div>\n\t\t","protected":false},"excerpt":{"rendered":"<p>La f\u00eates des m\u00e8res approche ! Tu choisis le montant et la personne l\u2019utilise pour le soin qu\u2019elle souhaite. Comme \u00e7a, aucun doute que \u00e7a lui fera v\u00e9ritablement plaisir ! Et si tu te questionnes encore, j&rsquo;accompagne autant les enfants, et les adultes de tous \u00e2ges. Passes ta commande d\u00e8s maintenant et re\u00e7ois ton bon <a href=\"https:\/\/www.saoma.ch\/?page_id=9032\" class=\"read-more below\">READ MORE<\/a><\/p>\n","protected":false},"author":1,"featured_media":0,"parent":0,"menu_order":0,"comment_status":"closed","ping_status":"closed","template":"","meta":{"footnotes":""},"class_list":["post-9032","page","type-page","status-publish","hentry"],"_links":{"self":[{"href":"https:\/\/www.saoma.ch\/index.php?rest_route=\/wp\/v2\/pages\/9032","targetHints":{"allow":["GET"]}}],"collection":[{"href":"https:\/\/www.saoma.ch\/index.php?rest_route=\/wp\/v2\/pages"}],"about":[{"href":"https:\/\/www.saoma.ch\/index.php?rest_route=\/wp\/v2\/types\/page"}],"author":[{"embeddable":true,"href":"https:\/\/www.saoma.ch\/index.php?rest_route=\/wp\/v2\/users\/1"}],"replies":[{"embeddable":true,"href":"https:\/\/www.saoma.ch\/index.php?rest_route=%2Fwp%2Fv2%2Fcomments&post=9032"}],"version-history":[{"count":79,"href":"https:\/\/www.saoma.ch\/index.php?rest_route=\/wp\/v2\/pages\/9032\/revisions"}],"predecessor-version":[{"id":11825,"href":"https:\/\/www.saoma.ch\/index.php?rest_route=\/wp\/v2\/pages\/9032\/revisions\/11825"}],"wp:attachment":[{"href":"https:\/\/www.saoma.ch\/index.php?rest_route=%2Fwp%2Fv2%2Fmedia&parent=9032"}],"curies":[{"name":"wp","href":"https:\/\/api.w.org\/{rel}","templated":true}]}}