{"id":8563,"date":"2025-09-14T15:04:01","date_gmt":"2025-09-14T13:04:01","guid":{"rendered":"https:\/\/www.saoma.ch\/?page_id=8563"},"modified":"2026-01-05T21:52:46","modified_gmt":"2026-01-05T20:52:46","slug":"voyage-au-tambour","status":"publish","type":"page","link":"https:\/\/www.saoma.ch\/?page_id=8563","title":{"rendered":"Voyage au tambour"},"content":{"rendered":"\t\t<div data-elementor-type=\"wp-page\" data-elementor-id=\"8563\" class=\"elementor elementor-8563\" data-elementor-post-type=\"page\">\n\t\t\t\t\t\t<section class=\"elementor-section elementor-top-section elementor-element elementor-element-2ca6008 elementor-section-full_width elementor-section-height-default elementor-section-height-default\" data-id=\"2ca6008\" data-element_type=\"section\" data-e-type=\"section\">\n\t\t\t\t\t\t<div class=\"elementor-container elementor-column-gap-default\">\n\t\t\t\t\t<div class=\"elementor-column elementor-col-100 elementor-top-column elementor-element elementor-element-1e3a3df\" data-id=\"1e3a3df\" data-element_type=\"column\" data-e-type=\"column\">\n\t\t\t<div class=\"elementor-widget-wrap elementor-element-populated\">\n\t\t\t\t\t\t<div class=\"elementor-element elementor-element-0845a7c elementor-widget elementor-widget-heading\" data-id=\"0845a7c\" data-element_type=\"widget\" data-e-type=\"widget\" data-widget_type=\"heading.default\">\n\t\t\t\t<div class=\"elementor-widget-container\">\n\t\t\t\t\t<h1 class=\"elementor-heading-title elementor-size-default\">Voyage au tambour et soin \u00e9nerg\u00e9tique<\/h1>\t\t\t\t<\/div>\n\t\t\t\t<\/div>\n\t\t\t\t\t<\/div>\n\t\t<\/div>\n\t\t\t\t\t<\/div>\n\t\t<\/section>\n\t\t\t\t<section class=\"elementor-section elementor-top-section elementor-element elementor-element-0d98611 elementor-section-full_width elementor-section-height-default elementor-section-height-default\" data-id=\"0d98611\" data-element_type=\"section\" data-e-type=\"section\">\n\t\t\t\t\t\t<div class=\"elementor-container elementor-column-gap-default\">\n\t\t\t\t\t<div class=\"elementor-column elementor-col-100 elementor-top-column elementor-element elementor-element-46cac00\" data-id=\"46cac00\" data-element_type=\"column\" data-e-type=\"column\">\n\t\t\t<div class=\"elementor-widget-wrap elementor-element-populated\">\n\t\t\t\t\t\t<div class=\"elementor-element elementor-element-e870338 elementor-widget elementor-widget-heading\" data-id=\"e870338\" data-element_type=\"widget\" data-e-type=\"widget\" data-widget_type=\"heading.default\">\n\t\t\t\t<div class=\"elementor-widget-container\">\n\t\t\t\t\t<h5 class=\"elementor-heading-title elementor-size-default\">Le ressenti, une voie de gu\u00e9rison <\/h5>\t\t\t\t<\/div>\n\t\t\t\t<\/div>\n\t\t\t\t\t<\/div>\n\t\t<\/div>\n\t\t\t\t\t<\/div>\n\t\t<\/section>\n\t\t\t\t<section class=\"elementor-section elementor-top-section elementor-element elementor-element-2888cb9 elementor-section-full_width elementor-section-height-default elementor-section-height-default\" data-id=\"2888cb9\" data-element_type=\"section\" data-e-type=\"section\">\n\t\t\t\t\t\t<div class=\"elementor-container elementor-column-gap-default\">\n\t\t\t\t\t<div class=\"elementor-column elementor-col-50 elementor-top-column elementor-element elementor-element-0694f59\" data-id=\"0694f59\" data-element_type=\"column\" data-e-type=\"column\">\n\t\t\t<div class=\"elementor-widget-wrap elementor-element-populated\">\n\t\t\t\t\t\t<div class=\"elementor-element elementor-element-b62099b elementor-widget elementor-widget-text-editor\" data-id=\"b62099b\" data-element_type=\"widget\" data-e-type=\"widget\" data-widget_type=\"text-editor.default\">\n\t\t\t\t<div class=\"elementor-widget-container\">\n\t\t\t\t\t\t\t\t\t<p>Certains le savent, jadis je vous emmenais en for\u00eat pour cr\u00e9er vos tambours.\u00a0Ayant suivi la voie du chamanisme pendant 2 ans et ayant \u00e9t\u00e9 initi\u00e9e \u00e0 diff\u00e9rentes pratiques sur les routes de ce monde, notamment en Suisse, en France, en Colombie et au Mexique, ce sont d\u00e9sormais des soins chamaniques et des voyages dans les mondes invisibles que je vous propose.<\/p><p>Les peuples de ce monde utilisent le tambour depuis la nuit des temps et nos cellules s&rsquo;en souviennent. Les vibrations ram\u00e8nent au battement de nos c\u0153urs, aux cycles de la vie, au rythme des saisons. Il porte \u00e0 notre conscience l&rsquo;aspect \u00e9ph\u00e9m\u00e8re de toutes choses et la justesse de ce qui est v\u00e9cu m\u00eame dans l&rsquo;\u00e9preuve. Le tambour n&rsquo;est pas un simple instrument mais clairement une voie de gu\u00e9rison. Prendre un moment pour passer du mental au ressenti est essentiel pour entendre les besoins de notre \u00e2me sans que le corps n&rsquo;ai \u00e0 crier \u00e0 travers la maladie.<\/p><p>Lors de ce soin, se m\u00ealeront tambour et encens, soin \u00e9nerg\u00e9tique et un temps d&rsquo;\u00e9change \u00e0 la fin pour aborder ce qu&rsquo;il s&rsquo;est pass\u00e9 pour toi et te partager les informations qui me seront parvenues. Il est possible que ton esprit s&rsquo;apaise tout simplement mais il se peut \u00e9galement que des larmes remontent, que des \u00e9motions enfouies se lib\u00e8rent, que des images, des r\u00e9ponses \u00e0 tes questions ou des informations vies ant\u00e9rieures te parviennent. Et parfois rien de cela : viens sans attente, ni objectif \u00e0 atteindre mais avec la simple intention de te faire du bien. L&rsquo;\u00e9nergie sait ce qu&rsquo;elle a \u00e0 faire.<\/p><p>En revanche si tu souhaites obtenir des r\u00e9ponses claires sur une th\u00e9matique pr\u00e9cise, ce n&rsquo;est pas le soin qu&rsquo;il te faut mais bien l&rsquo;hypnose r\u00e9gressive que tu trouveras<strong> <a href=\"https:\/\/www.saoma.ch\/?page_id=1878\" target=\"_blank\" rel=\"noopener\">ici<\/a>.<\/strong><\/p><p>Au plaisir de t&rsquo;accompagner dans ce voyage de l&rsquo;\u00e2me.<\/p>\t\t\t\t\t\t\t\t<\/div>\n\t\t\t\t<\/div>\n\t\t\t\t\t<\/div>\n\t\t<\/div>\n\t\t\t\t<div class=\"elementor-column elementor-col-50 elementor-top-column elementor-element elementor-element-05d7688\" data-id=\"05d7688\" data-element_type=\"column\" data-e-type=\"column\">\n\t\t\t<div class=\"elementor-widget-wrap elementor-element-populated\">\n\t\t\t\t\t\t<div class=\"elementor-element elementor-element-c59b8a7 elementor-widget elementor-widget-image\" data-id=\"c59b8a7\" data-element_type=\"widget\" data-e-type=\"widget\" data-widget_type=\"image.default\">\n\t\t\t\t<div class=\"elementor-widget-container\">\n\t\t\t\t\t\t\t\t\t\t\t\t\t\t\t<img fetchpriority=\"high\" decoding=\"async\" width=\"768\" height=\"1024\" src=\"https:\/\/www.saoma.ch\/wp-content\/uploads\/2026\/01\/1767641847413-768x1024.jpg\" class=\"attachment-large size-large wp-image-10242\" alt=\"\" srcset=\"https:\/\/www.saoma.ch\/wp-content\/uploads\/2026\/01\/1767641847413-768x1024.jpg 768w, https:\/\/www.saoma.ch\/wp-content\/uploads\/2026\/01\/1767641847413-225x300.jpg 225w, https:\/\/www.saoma.ch\/wp-content\/uploads\/2026\/01\/1767641847413-1152x1536.jpg 1152w, https:\/\/www.saoma.ch\/wp-content\/uploads\/2026\/01\/1767641847413-1536x2048.jpg 1536w, https:\/\/www.saoma.ch\/wp-content\/uploads\/2026\/01\/1767641847413-scaled.jpg 1920w\" sizes=\"(max-width: 768px) 100vw, 768px\" \/>\t\t\t\t\t\t\t\t\t\t\t\t\t\t\t<\/div>\n\t\t\t\t<\/div>\n\t\t\t\t<div class=\"elementor-element elementor-element-2b9d58f elementor-align-justify elementor-widget elementor-widget-button\" data-id=\"2b9d58f\" data-element_type=\"widget\" data-e-type=\"widget\" data-widget_type=\"button.default\">\n\t\t\t\t<div class=\"elementor-widget-container\">\n\t\t\t\t\t\t\t\t\t<div class=\"elementor-button-wrapper\">\n\t\t\t\t\t<a class=\"elementor-button elementor-button-link elementor-size-sm\" href=\"https:\/\/www.saoma.ch\/?page_id=16\" target=\"_blank\">\n\t\t\t\t\t\t<span class=\"elementor-button-content-wrapper\">\n\t\t\t\t\t\t\t\t\t<span class=\"elementor-button-text\">Je prends rendez-vous !<\/span>\n\t\t\t\t\t<\/span>\n\t\t\t\t\t<\/a>\n\t\t\t\t<\/div>\n\t\t\t\t\t\t\t\t<\/div>\n\t\t\t\t<\/div>\n\t\t\t\t\t<\/div>\n\t\t<\/div>\n\t\t\t\t\t<\/div>\n\t\t<\/section>\n\t\t\t\t<section class=\"elementor-section elementor-top-section elementor-element elementor-element-2748bd5 elementor-section-full_width elementor-section-height-default elementor-section-height-default\" data-id=\"2748bd5\" data-element_type=\"section\" data-e-type=\"section\">\n\t\t\t\t\t\t<div class=\"elementor-container elementor-column-gap-default\">\n\t\t\t\t\t<div class=\"elementor-column elementor-col-100 elementor-top-column elementor-element elementor-element-2a271f5\" data-id=\"2a271f5\" data-element_type=\"column\" data-e-type=\"column\">\n\t\t\t<div class=\"elementor-widget-wrap elementor-element-populated\">\n\t\t\t\t\t\t<div class=\"elementor-element elementor-element-13d138b elementor-widget-divider--view-line elementor-widget elementor-widget-divider\" data-id=\"13d138b\" data-element_type=\"widget\" data-e-type=\"widget\" data-widget_type=\"divider.default\">\n\t\t\t\t<div class=\"elementor-widget-container\">\n\t\t\t\t\t\t\t<div class=\"elementor-divider\">\n\t\t\t<span class=\"elementor-divider-separator\">\n\t\t\t\t\t\t<\/span>\n\t\t<\/div>\n\t\t\t\t\t\t<\/div>\n\t\t\t\t<\/div>\n\t\t\t\t<div class=\"elementor-element elementor-element-2c92195 elementor-widget elementor-widget-text-editor\" data-id=\"2c92195\" data-element_type=\"widget\" data-e-type=\"widget\" data-widget_type=\"text-editor.default\">\n\t\t\t\t<div class=\"elementor-widget-container\">\n\t\t\t\t\t\t\t\t\t<div data-id=\"15dab54\" data-element_type=\"widget\" data-widget_type=\"heading.default\">\n<div>\n<p><strong>Tarifs et infos<\/strong><\/p>\n<\/div>\n<\/div>\n<div data-id=\"07bf7df\" data-element_type=\"widget\" data-widget_type=\"text-editor.default\">\n<ul>\n<li>Dur\u00e9e 1h30<\/li>\n<li>Tarif en cabinet : 150 Chf<\/li>\n<li>Tarif en ext\u00e9rieur (r\u00e9gion Vevey &#8211; Montreux) en \u00e9t\u00e9 et par beau temps uniquement : 180 Chf<\/li>\n<li>Pour les annulations de derni\u00e8res minutes, les <a href=\"https:\/\/www.saoma.ch\/?page_id=16\" target=\"_blank\" rel=\"noopener\">conditions g\u00e9n\u00e9rales<\/a> sont appliqu\u00e9es.<\/li>\n<\/ul>\n<\/div>\t\t\t\t\t\t\t\t<\/div>\n\t\t\t\t<\/div>\n\t\t\t\t<div class=\"elementor-element elementor-element-6a11881 elementor-widget-divider--view-line elementor-widget elementor-widget-divider\" data-id=\"6a11881\" data-element_type=\"widget\" data-e-type=\"widget\" data-widget_type=\"divider.default\">\n\t\t\t\t<div class=\"elementor-widget-container\">\n\t\t\t\t\t\t\t<div class=\"elementor-divider\">\n\t\t\t<span class=\"elementor-divider-separator\">\n\t\t\t\t\t\t<\/span>\n\t\t<\/div>\n\t\t\t\t\t\t<\/div>\n\t\t\t\t<\/div>\n\t\t\t\t\t<\/div>\n\t\t<\/div>\n\t\t\t\t\t<\/div>\n\t\t<\/section>\n\t\t\t\t<section class=\"elementor-section elementor-top-section elementor-element elementor-element-9057a2a elementor-section-full_width elementor-section-height-default elementor-section-height-default\" data-id=\"9057a2a\" data-element_type=\"section\" data-e-type=\"section\">\n\t\t\t\t\t\t<div class=\"elementor-container elementor-column-gap-default\">\n\t\t\t\t\t<div class=\"elementor-column elementor-col-100 elementor-top-column elementor-element elementor-element-eff538d\" data-id=\"eff538d\" data-element_type=\"column\" data-e-type=\"column\">\n\t\t\t<div class=\"elementor-widget-wrap\">\n\t\t\t\t\t\t\t<\/div>\n\t\t<\/div>\n\t\t\t\t\t<\/div>\n\t\t<\/section>\n\t\t\t\t<\/div>\n\t\t","protected":false},"excerpt":{"rendered":"<p>Voyage au tambour et soin \u00e9nerg\u00e9tique Le ressenti, une voie de gu\u00e9rison Certains le savent, jadis je vous emmenais en for\u00eat pour cr\u00e9er vos tambours.\u00a0Ayant suivi la voie du chamanisme pendant 2 ans et ayant \u00e9t\u00e9 initi\u00e9e \u00e0 diff\u00e9rentes pratiques sur les routes de ce monde, notamment en Suisse, en France, en Colombie et au <a href=\"https:\/\/www.saoma.ch\/?page_id=8563\" class=\"read-more below\">READ MORE<\/a><\/p>\n","protected":false},"author":1,"featured_media":0,"parent":0,"menu_order":0,"comment_status":"closed","ping_status":"closed","template":"","meta":{"footnotes":""},"class_list":["post-8563","page","type-page","status-publish","hentry"],"_links":{"self":[{"href":"https:\/\/www.saoma.ch\/index.php?rest_route=\/wp\/v2\/pages\/8563","targetHints":{"allow":["GET"]}}],"collection":[{"href":"https:\/\/www.saoma.ch\/index.php?rest_route=\/wp\/v2\/pages"}],"about":[{"href":"https:\/\/www.saoma.ch\/index.php?rest_route=\/wp\/v2\/types\/page"}],"author":[{"embeddable":true,"href":"https:\/\/www.saoma.ch\/index.php?rest_route=\/wp\/v2\/users\/1"}],"replies":[{"embeddable":true,"href":"https:\/\/www.saoma.ch\/index.php?rest_route=%2Fwp%2Fv2%2Fcomments&post=8563"}],"version-history":[{"count":61,"href":"https:\/\/www.saoma.ch\/index.php?rest_route=\/wp\/v2\/pages\/8563\/revisions"}],"predecessor-version":[{"id":10351,"href":"https:\/\/www.saoma.ch\/index.php?rest_route=\/wp\/v2\/pages\/8563\/revisions\/10351"}],"wp:attachment":[{"href":"https:\/\/www.saoma.ch\/index.php?rest_route=%2Fwp%2Fv2%2Fmedia&parent=8563"}],"curies":[{"name":"wp","href":"https:\/\/api.w.org\/{rel}","templated":true}]}}