{"id":823,"date":"2020-08-12T09:52:45","date_gmt":"2020-08-12T07:52:45","guid":{"rendered":"http:\/\/www.saoma.ch\/?page_id=823"},"modified":"2026-01-05T05:50:07","modified_gmt":"2026-01-05T04:50:07","slug":"eft-emotional-freedom-techniques","status":"publish","type":"page","link":"https:\/\/www.saoma.ch\/?page_id=823","title":{"rendered":"EFT (Emotional freedom techniques)"},"content":{"rendered":"\t\t<div data-elementor-type=\"wp-page\" data-elementor-id=\"823\" class=\"elementor elementor-823\" data-elementor-post-type=\"page\">\n\t\t\t\t\t\t<section class=\"elementor-section elementor-top-section elementor-element elementor-element-4ca11e7 elementor-section-full_width elementor-section-height-default elementor-section-height-default\" data-id=\"4ca11e7\" data-element_type=\"section\" data-e-type=\"section\">\n\t\t\t\t\t\t<div class=\"elementor-container elementor-column-gap-default\">\n\t\t\t\t\t<div class=\"elementor-column elementor-col-100 elementor-top-column elementor-element elementor-element-b243ed8\" data-id=\"b243ed8\" data-element_type=\"column\" data-e-type=\"column\">\n\t\t\t<div class=\"elementor-widget-wrap elementor-element-populated\">\n\t\t\t\t\t\t<div class=\"elementor-element elementor-element-915d72b elementor-widget elementor-widget-heading\" data-id=\"915d72b\" data-element_type=\"widget\" data-e-type=\"widget\" data-widget_type=\"heading.default\">\n\t\t\t\t<div class=\"elementor-widget-container\">\n\t\t\t\t\t<p class=\"elementor-heading-title elementor-size-xl\">EFT - Psychologie \u00e9nerg\u00e9tique<\/p>\t\t\t\t<\/div>\n\t\t\t\t<\/div>\n\t\t\t\t\t<\/div>\n\t\t<\/div>\n\t\t\t\t\t<\/div>\n\t\t<\/section>\n\t\t\t\t<section class=\"elementor-section elementor-top-section elementor-element elementor-element-21a61ad elementor-section-full_width elementor-section-height-default elementor-section-height-default\" data-id=\"21a61ad\" data-element_type=\"section\" data-e-type=\"section\">\n\t\t\t\t\t\t<div class=\"elementor-container elementor-column-gap-default\">\n\t\t\t\t\t<div class=\"elementor-column elementor-col-100 elementor-top-column elementor-element elementor-element-8d97719\" data-id=\"8d97719\" data-element_type=\"column\" data-e-type=\"column\">\n\t\t\t<div class=\"elementor-widget-wrap elementor-element-populated\">\n\t\t\t\t\t\t<div class=\"elementor-element elementor-element-8dafc0c elementor-widget elementor-widget-text-editor\" data-id=\"8dafc0c\" data-element_type=\"widget\" data-e-type=\"widget\" data-widget_type=\"text-editor.default\">\n\t\t\t\t<div class=\"elementor-widget-container\">\n\t\t\t\t\t\t\t\t\t<p>L\u2019EFT (Emotional Freedom Techniques) est une technique de lib\u00e9ration \u00e9motionnelle qui a fait ses preuves. Elle permet d&rsquo;apaiser des soucis d\u2019ordre psychiques et physiques en r\u00e9\u00e9quilibrant les m\u00e9ridiens par tapotement de points d&rsquo;acupuncture tout en acc\u00e9dant aux sous-couches psychologiques d&rsquo;une personne. D\u00e9velopp\u00e9e pour les soldats apr\u00e8s la guerre, cette technique s&rsquo;inspire de diff\u00e9rentes approches telles que la m\u00e9decine chinoise, la PNL (programmation neurolinguistique), la kin\u00e9siologie et l&rsquo;hypnoth\u00e9rapie.<\/p><p><strong>Il ne s\u2019agit pas d\u2019y croire ou non, i<\/strong><b>l s\u2019agit de tester et de voir les r\u00e9sultats par vous-m\u00eame. D&rsquo;ailleurs vos retours sur les phobies sont magnifiques !<br \/><\/b><\/p><p>Les d\u00e9marches psychologiques prennent parfois beaucoup de temps, \u00e0 contrario de l\u2019EFT qui peut aider \u00e0 apaiser les s\u00e9quelles d&rsquo;un traumatismes en moins de temps qu\u2019un suivi psychologique qui dure parfois des ann\u00e9es. \u00a0<\/p><ul><li>Abus, agressions, chocs divers, etc\u00a0<\/li><li>Phobies (araign\u00e9e, serpents, avion, peur des aiguilles ou de parler en public, etc)<\/li><li>Suites d\u2019op\u00e9rations<\/li><li>Crises d\u2019angoisses, anxi\u00e9t\u00e9<\/li><li>Douleurs chroniques et bien d\u2019autres choses\u00a0<\/li><\/ul>\t\t\t\t\t\t\t\t<\/div>\n\t\t\t\t<\/div>\n\t\t\t\t\t<\/div>\n\t\t<\/div>\n\t\t\t\t\t<\/div>\n\t\t<\/section>\n\t\t\t\t<section class=\"elementor-section elementor-top-section elementor-element elementor-element-f40b1a5 elementor-section-full_width elementor-section-height-default elementor-section-height-default\" data-id=\"f40b1a5\" data-element_type=\"section\" data-e-type=\"section\">\n\t\t\t\t\t\t<div class=\"elementor-container elementor-column-gap-default\">\n\t\t\t\t\t<div class=\"elementor-column elementor-col-100 elementor-top-column elementor-element elementor-element-cb6d8c9\" data-id=\"cb6d8c9\" data-element_type=\"column\" data-e-type=\"column\">\n\t\t\t<div class=\"elementor-widget-wrap elementor-element-populated\">\n\t\t\t\t\t\t<div class=\"elementor-element elementor-element-8b80d70 elementor-widget elementor-widget-text-editor\" data-id=\"8b80d70\" data-element_type=\"widget\" data-e-type=\"widget\" data-widget_type=\"text-editor.default\">\n\t\t\t\t<div class=\"elementor-widget-container\">\n\t\t\t\t\t\t\t\t\t<p><strong>Pourquoi aller chez une th\u00e9rapeute si je peux le faire moi-m\u00eame ?<br \/><\/strong><\/p><p>Dans la plupart des cas, une \u00e0 deux s\u00e9ances et vous \u00eates parfaitement autonome. \u00c0 contrario, certains traumas profonds requi\u00e8rent l&rsquo;aide d&rsquo;une th\u00e9rapeute afin de mettre de la distance avec l&rsquo;\u00e9v\u00e8nement au travers de techniques sp\u00e9cifiques. Cela permet \u00e9galement de lib\u00e9rer certaines \u00e9motions que l&rsquo;on aurait peur d&rsquo;affronter seul.e. Comme je le dis souvent, ouvrir un tiroir mental est facile mais il est n\u00e9cessaire de savoir cadrer ce qui pourrait en sortir selon les cas de figures.<\/p><p><strong>\u00c0 qui s&rsquo;adresse ce soin ?<\/strong><\/p><p>L&rsquo;EFT s&#8217;emploie pour les humains de tout \u00e2ges. Il se pratique \u00e9galement sur les personnes en incapacit\u00e9 de le faire elles-m\u00eames (hospitalisation, fin de vie, etc). En ce qui concerne les animaux, je vous recommande de vous adresser \u00e0 une personne form\u00e9e en ce sens, ce qui n&rsquo;est pas mon cas.<\/p>\t\t\t\t\t\t\t\t<\/div>\n\t\t\t\t<\/div>\n\t\t\t\t\t<\/div>\n\t\t<\/div>\n\t\t\t\t\t<\/div>\n\t\t<\/section>\n\t\t\t\t<section class=\"elementor-section elementor-top-section elementor-element elementor-element-6d3f64c elementor-section-full_width elementor-section-height-default elementor-section-height-default\" data-id=\"6d3f64c\" data-element_type=\"section\" data-e-type=\"section\">\n\t\t\t\t\t\t<div class=\"elementor-container elementor-column-gap-default\">\n\t\t\t\t\t<div class=\"elementor-column elementor-col-100 elementor-top-column elementor-element elementor-element-6b77f27\" data-id=\"6b77f27\" data-element_type=\"column\" data-e-type=\"column\">\n\t\t\t<div class=\"elementor-widget-wrap elementor-element-populated\">\n\t\t\t\t\t\t<div class=\"elementor-element elementor-element-e97268b elementor-widget-divider--view-line elementor-widget elementor-widget-divider\" data-id=\"e97268b\" data-element_type=\"widget\" data-e-type=\"widget\" data-widget_type=\"divider.default\">\n\t\t\t\t<div class=\"elementor-widget-container\">\n\t\t\t\t\t\t\t<div class=\"elementor-divider\">\n\t\t\t<span class=\"elementor-divider-separator\">\n\t\t\t\t\t\t<\/span>\n\t\t<\/div>\n\t\t\t\t\t\t<\/div>\n\t\t\t\t<\/div>\n\t\t\t\t<div class=\"elementor-element elementor-element-844f36c elementor-widget elementor-widget-heading\" data-id=\"844f36c\" data-element_type=\"widget\" data-e-type=\"widget\" data-widget_type=\"heading.default\">\n\t\t\t\t<div class=\"elementor-widget-container\">\n\t\t\t\t\t<h1 class=\"elementor-heading-title elementor-size-large\">Tarif<\/h1>\t\t\t\t<\/div>\n\t\t\t\t<\/div>\n\t\t\t\t<div class=\"elementor-element elementor-element-28404d0 elementor-widget elementor-widget-text-editor\" data-id=\"28404d0\" data-element_type=\"widget\" data-e-type=\"widget\" data-widget_type=\"text-editor.default\">\n\t\t\t\t<div class=\"elementor-widget-container\">\n\t\t\t\t\t\t\t\t\t<div id=\"elementor-tab-content-1954\" class=\"elementor-tab-content elementor-clearfix elementor-active\" tabindex=\"0\" role=\"tabpanel\" data-tab=\"4\" aria-labelledby=\"elementor-tab-title-1954\"><p>Cette m\u00e9thode vous est propos\u00e9e au cabinet ou par visio :<\/p><ul><li>S\u00e9ance d\u2019une heure : 130.- CHF<\/li><li>S\u00e9ance d\u2019une heure et demie : 180.- CHF<\/li><\/ul><\/div>\t\t\t\t\t\t\t\t<\/div>\n\t\t\t\t<\/div>\n\t\t\t\t<div class=\"elementor-element elementor-element-0b86184 elementor-widget-divider--view-line elementor-widget elementor-widget-divider\" data-id=\"0b86184\" data-element_type=\"widget\" data-e-type=\"widget\" data-widget_type=\"divider.default\">\n\t\t\t\t<div class=\"elementor-widget-container\">\n\t\t\t\t\t\t\t<div class=\"elementor-divider\">\n\t\t\t<span class=\"elementor-divider-separator\">\n\t\t\t\t\t\t<\/span>\n\t\t<\/div>\n\t\t\t\t\t\t<\/div>\n\t\t\t\t<\/div>\n\t\t\t\t\t<\/div>\n\t\t<\/div>\n\t\t\t\t\t<\/div>\n\t\t<\/section>\n\t\t\t\t<section class=\"elementor-section elementor-top-section elementor-element elementor-element-6e68dad elementor-section-full_width elementor-section-height-default elementor-section-height-default\" data-id=\"6e68dad\" data-element_type=\"section\" data-e-type=\"section\">\n\t\t\t\t\t\t<div class=\"elementor-container elementor-column-gap-default\">\n\t\t\t\t\t<div class=\"elementor-column elementor-col-100 elementor-top-column elementor-element elementor-element-d7fe420\" data-id=\"d7fe420\" data-element_type=\"column\" data-e-type=\"column\">\n\t\t\t<div class=\"elementor-widget-wrap elementor-element-populated\">\n\t\t\t\t\t\t<div class=\"elementor-element elementor-element-9986cb2 elementor-widget elementor-widget-image\" data-id=\"9986cb2\" data-element_type=\"widget\" data-e-type=\"widget\" data-widget_type=\"image.default\">\n\t\t\t\t<div class=\"elementor-widget-container\">\n\t\t\t\t\t\t\t\t\t\t\t\t<figure class=\"wp-caption\">\n\t\t\t\t\t\t\t\t\t\t<img fetchpriority=\"high\" decoding=\"async\" width=\"768\" height=\"576\" src=\"https:\/\/www.saoma.ch\/wp-content\/uploads\/2024\/05\/P1100097-768x576.jpg\" class=\"attachment-medium_large size-medium_large wp-image-7085\" alt=\"\" srcset=\"https:\/\/www.saoma.ch\/wp-content\/uploads\/2024\/05\/P1100097-768x576.jpg 768w, https:\/\/www.saoma.ch\/wp-content\/uploads\/2024\/05\/P1100097-300x225.jpg 300w, https:\/\/www.saoma.ch\/wp-content\/uploads\/2024\/05\/P1100097-1024x768.jpg 1024w, https:\/\/www.saoma.ch\/wp-content\/uploads\/2024\/05\/P1100097-1536x1152.jpg 1536w, https:\/\/www.saoma.ch\/wp-content\/uploads\/2024\/05\/P1100097-2048x1536.jpg 2048w\" sizes=\"(max-width: 768px) 100vw, 768px\" \/>\t\t\t\t\t\t\t\t\t\t\t<figcaption class=\"widget-image-caption wp-caption-text\">Alors, on la gravit ensemble cette montagne ? (Colombie 2017)<\/figcaption>\n\t\t\t\t\t\t\t\t\t\t<\/figure>\n\t\t\t\t\t\t\t\t\t<\/div>\n\t\t\t\t<\/div>\n\t\t\t\t\t<\/div>\n\t\t<\/div>\n\t\t\t\t\t<\/div>\n\t\t<\/section>\n\t\t\t\t<\/div>\n\t\t","protected":false},"excerpt":{"rendered":"<p>EFT &#8211; Psychologie \u00e9nerg\u00e9tique L\u2019EFT (Emotional Freedom Techniques) est une technique de lib\u00e9ration \u00e9motionnelle qui a fait ses preuves. Elle permet d&rsquo;apaiser des soucis d\u2019ordre psychiques et physiques en r\u00e9\u00e9quilibrant les m\u00e9ridiens par tapotement de points d&rsquo;acupuncture tout en acc\u00e9dant aux sous-couches psychologiques d&rsquo;une personne. D\u00e9velopp\u00e9e pour les soldats apr\u00e8s la guerre, cette technique s&rsquo;inspire <a href=\"https:\/\/www.saoma.ch\/?page_id=823\" class=\"read-more below\">READ MORE<\/a><\/p>\n","protected":false},"author":1,"featured_media":0,"parent":0,"menu_order":0,"comment_status":"closed","ping_status":"closed","template":"","meta":{"footnotes":""},"class_list":["post-823","page","type-page","status-publish","hentry"],"_links":{"self":[{"href":"https:\/\/www.saoma.ch\/index.php?rest_route=\/wp\/v2\/pages\/823","targetHints":{"allow":["GET"]}}],"collection":[{"href":"https:\/\/www.saoma.ch\/index.php?rest_route=\/wp\/v2\/pages"}],"about":[{"href":"https:\/\/www.saoma.ch\/index.php?rest_route=\/wp\/v2\/types\/page"}],"author":[{"embeddable":true,"href":"https:\/\/www.saoma.ch\/index.php?rest_route=\/wp\/v2\/users\/1"}],"replies":[{"embeddable":true,"href":"https:\/\/www.saoma.ch\/index.php?rest_route=%2Fwp%2Fv2%2Fcomments&post=823"}],"version-history":[{"count":108,"href":"https:\/\/www.saoma.ch\/index.php?rest_route=\/wp\/v2\/pages\/823\/revisions"}],"predecessor-version":[{"id":9695,"href":"https:\/\/www.saoma.ch\/index.php?rest_route=\/wp\/v2\/pages\/823\/revisions\/9695"}],"wp:attachment":[{"href":"https:\/\/www.saoma.ch\/index.php?rest_route=%2Fwp%2Fv2%2Fmedia&parent=823"}],"curies":[{"name":"wp","href":"https:\/\/api.w.org\/{rel}","templated":true}]}}