{"id":2154,"date":"2022-04-06T22:13:01","date_gmt":"2022-04-06T20:13:01","guid":{"rendered":"https:\/\/www.saoma.ch\/?page_id=2154"},"modified":"2026-01-05T22:07:54","modified_gmt":"2026-01-05T21:07:54","slug":"soin-aux-ventouses","status":"publish","type":"page","link":"https:\/\/www.saoma.ch\/?page_id=2154","title":{"rendered":"Soin aux ventouses"},"content":{"rendered":"\t\t<div data-elementor-type=\"wp-page\" data-elementor-id=\"2154\" class=\"elementor elementor-2154\" data-elementor-post-type=\"page\">\n\t\t\t\t\t\t<section class=\"elementor-section elementor-top-section elementor-element elementor-element-cbb2b65 elementor-section-full_width elementor-section-height-default elementor-section-height-default\" data-id=\"cbb2b65\" data-element_type=\"section\" data-e-type=\"section\">\n\t\t\t\t\t\t<div class=\"elementor-container elementor-column-gap-default\">\n\t\t\t\t\t<div class=\"elementor-column elementor-col-100 elementor-top-column elementor-element elementor-element-f4f3890\" data-id=\"f4f3890\" data-element_type=\"column\" data-e-type=\"column\">\n\t\t\t<div class=\"elementor-widget-wrap elementor-element-populated\">\n\t\t\t\t\t\t<div class=\"elementor-element elementor-element-e95eee5 elementor-widget elementor-widget-heading\" data-id=\"e95eee5\" data-element_type=\"widget\" data-e-type=\"widget\" data-widget_type=\"heading.default\">\n\t\t\t\t<div class=\"elementor-widget-container\">\n\t\t\t\t\t<p class=\"elementor-heading-title elementor-size-xl\">Soins aux ventouses et massages<\/p>\t\t\t\t<\/div>\n\t\t\t\t<\/div>\n\t\t\t\t\t<\/div>\n\t\t<\/div>\n\t\t\t\t\t<\/div>\n\t\t<\/section>\n\t\t\t\t<section class=\"elementor-section elementor-top-section elementor-element elementor-element-28bf504 elementor-section-full_width elementor-section-height-default elementor-section-height-default\" data-id=\"28bf504\" data-element_type=\"section\" data-e-type=\"section\">\n\t\t\t\t\t\t<div class=\"elementor-container elementor-column-gap-default\">\n\t\t\t\t\t<div class=\"elementor-column elementor-col-100 elementor-top-column elementor-element elementor-element-273d304\" data-id=\"273d304\" data-element_type=\"column\" data-e-type=\"column\">\n\t\t\t<div class=\"elementor-widget-wrap elementor-element-populated\">\n\t\t\t\t\t\t<div class=\"elementor-element elementor-element-dff00ef elementor-widget-divider--view-line elementor-widget elementor-widget-divider\" data-id=\"dff00ef\" data-element_type=\"widget\" data-e-type=\"widget\" data-widget_type=\"divider.default\">\n\t\t\t\t<div class=\"elementor-widget-container\">\n\t\t\t\t\t\t\t<div class=\"elementor-divider\">\n\t\t\t<span class=\"elementor-divider-separator\">\n\t\t\t\t\t\t<\/span>\n\t\t<\/div>\n\t\t\t\t\t\t<\/div>\n\t\t\t\t<\/div>\n\t\t\t\t\t<\/div>\n\t\t<\/div>\n\t\t\t\t\t<\/div>\n\t\t<\/section>\n\t\t\t\t<section class=\"elementor-section elementor-top-section elementor-element elementor-element-3c07291 elementor-section-full_width elementor-section-height-default elementor-section-height-default\" data-id=\"3c07291\" data-element_type=\"section\" data-e-type=\"section\">\n\t\t\t\t\t\t<div class=\"elementor-container elementor-column-gap-default\">\n\t\t\t\t\t<div class=\"elementor-column elementor-col-50 elementor-top-column elementor-element elementor-element-a813517\" data-id=\"a813517\" data-element_type=\"column\" data-e-type=\"column\">\n\t\t\t<div class=\"elementor-widget-wrap elementor-element-populated\">\n\t\t\t\t\t\t<div class=\"elementor-element elementor-element-356abad elementor-widget__width-initial elementor-widget elementor-widget-image\" data-id=\"356abad\" data-element_type=\"widget\" data-e-type=\"widget\" data-widget_type=\"image.default\">\n\t\t\t\t<div class=\"elementor-widget-container\">\n\t\t\t\t\t\t\t\t\t\t\t\t<figure class=\"wp-caption\">\n\t\t\t\t\t\t\t\t\t\t<img fetchpriority=\"high\" decoding=\"async\" width=\"300\" height=\"298\" src=\"https:\/\/www.saoma.ch\/wp-content\/uploads\/2024\/03\/Screenshot_20230914-133617-300x298.jpg\" class=\"attachment-medium size-medium wp-image-6409\" alt=\"\" srcset=\"https:\/\/www.saoma.ch\/wp-content\/uploads\/2024\/03\/Screenshot_20230914-133617-300x298.jpg 300w, https:\/\/www.saoma.ch\/wp-content\/uploads\/2024\/03\/Screenshot_20230914-133617-150x150.jpg 150w, https:\/\/www.saoma.ch\/wp-content\/uploads\/2024\/03\/Screenshot_20230914-133617-768x762.jpg 768w, https:\/\/www.saoma.ch\/wp-content\/uploads\/2024\/03\/Screenshot_20230914-133617-45x45.jpg 45w, https:\/\/www.saoma.ch\/wp-content\/uploads\/2024\/03\/Screenshot_20230914-133617.jpg 972w\" sizes=\"(max-width: 300px) 100vw, 300px\" \/>\t\t\t\t\t\t\t\t\t\t\t<figcaption class=\"widget-image-caption wp-caption-text\"><\/figcaption>\n\t\t\t\t\t\t\t\t\t\t<\/figure>\n\t\t\t\t\t\t\t\t\t<\/div>\n\t\t\t\t<\/div>\n\t\t\t\t\t<\/div>\n\t\t<\/div>\n\t\t\t\t<div class=\"elementor-column elementor-col-50 elementor-top-column elementor-element elementor-element-6cec0e1\" data-id=\"6cec0e1\" data-element_type=\"column\" data-e-type=\"column\">\n\t\t\t<div class=\"elementor-widget-wrap elementor-element-populated\">\n\t\t\t\t\t\t<div class=\"elementor-element elementor-element-1dc5be4 elementor-widget elementor-widget-text-editor\" data-id=\"1dc5be4\" data-element_type=\"widget\" data-e-type=\"widget\" data-widget_type=\"text-editor.default\">\n\t\t\t\t<div class=\"elementor-widget-container\">\n\t\t\t\t\t\t\t\t\t<p><strong>Les ventouses offrent de multiples possibilit\u00e9s :\u00a0<\/strong><\/p><ul><li>Elles diminuent le stress, apaisent l&rsquo;anxi\u00e9t\u00e9 et calment les tensions<\/li><li>Diminue les douleurs de dos<\/li><li>Apaisent les inflammations musculaires ou tendineuses<\/li><li>Elles sont efficace dans les suites d&rsquo;op\u00e9rations, de blessures ou d&rsquo;accidents<\/li><li>Pour les probl\u00e8mes bronchiques, la toux ou les pneumonies<\/li><li>Elles remettent en mouvenent les \u00e9nergies qui stagnent (lib\u00e9ration du Qi et renforceme le syst\u00e8me immunitaire)<\/li><li>Elles soutiennent le processus de d\u00e9toxification et d&rsquo;\u00e9limination des d\u00e9chets<\/li><\/ul>\t\t\t\t\t\t\t\t<\/div>\n\t\t\t\t<\/div>\n\t\t\t\t\t<\/div>\n\t\t<\/div>\n\t\t\t\t\t<\/div>\n\t\t<\/section>\n\t\t\t\t<section class=\"elementor-section elementor-top-section elementor-element elementor-element-2ed3af3 elementor-section-full_width elementor-section-height-default elementor-section-height-default\" data-id=\"2ed3af3\" data-element_type=\"section\" data-e-type=\"section\">\n\t\t\t\t\t\t<div class=\"elementor-container elementor-column-gap-default\">\n\t\t\t\t\t<div class=\"elementor-column elementor-col-50 elementor-top-column elementor-element elementor-element-f4b83c5\" data-id=\"f4b83c5\" data-element_type=\"column\" data-e-type=\"column\">\n\t\t\t<div class=\"elementor-widget-wrap elementor-element-populated\">\n\t\t\t\t\t\t<div class=\"elementor-element elementor-element-e74c20c elementor-widget elementor-widget-text-editor\" data-id=\"e74c20c\" data-element_type=\"widget\" data-e-type=\"widget\" data-widget_type=\"text-editor.default\">\n\t\t\t\t<div class=\"elementor-widget-container\">\n\t\t\t\t\t\t\t\t\t<p><strong>Un profond sentiment de bien-\u00eatre<\/strong><\/p>\n<p>Dans mon approche, il ne s\u2019agit pas simplement de poser des ventouses et de les laisser agir. Je vous propose un soin complet, adapt\u00e9 \u00e0 vos besoins avec massages intuitifs et soins \u00e9nerg\u00e9tiques au besoin.<\/p>\n<p>Des \u00c9gyptiens en passant par les Vikings cette m\u00e9thode est connue depuis la nuit des temps. R\u00e9pandues dans les m\u00e9nages de l\u2019\u00e9poque, elles ont finalement \u00e9t\u00e9 attribu\u00e9es \u00e0 la m\u00e9decine chinoise et classifi\u00e9es d\u2019alternatives.&nbsp;<\/p>\n<p>De ce qu&rsquo;il se dit, la pose de ventouse fut mise de c\u00f4t\u00e9 \u00e0 l\u2019apr\u00e8s-guerre avec l\u2019apparition des antibiotiques. Quel dommage lorsque l\u2019on sait en quoi elles peuvent nous \u00eatre utiles ! Elles sont d&rsquo;une efficacit\u00e9 et d&rsquo;une simplicit\u00e9 d\u00e9concertante et si il y a bien une chose \u00e0 avoir dans son sac de voyage, c\u2019est une ventouse !<\/p>\n<p>Le fait de cr\u00e9er une d\u00e9pression atmosph\u00e9rique par une pose \u00e0 chaud par le feu ou \u00e0 froid avec des valves permet l&rsquo;oxyg\u00e9nation d&rsquo;une zone d\u00e9termin\u00e9e. Cela favorise la mise en mouvement des flux sanguin, lymphatique et du QI (qui n&rsquo;est autre que notre force vitale). Les \u00e9changes m\u00e9taboliques volontairement induis provoquent le rel\u00e2chement des tissus profonds et c&rsquo;est pourquoi les ventouses sont \u00e9galement recommand\u00e9es lors d&rsquo;inflammations de par son leurs effets antalgiques malgr\u00e9 un usage localis\u00e9 ! Eh oui, elles influent aussi la biochimie de notre cerveau.<\/p>\n<p><strong>La sensation peut surprendre la premi\u00e8re fois mais \u00e7a ne fait pas mal.&nbsp;<\/strong>Perso, c&rsquo;est une des sensation que je pr\u00e9f\u00e8re. J&rsquo;ai \u00e0 chaque fois l&rsquo;impression que l&rsquo;on m&rsquo;enl\u00e8ve le sac \u00e0 dos que je porte sur les \u00e9paules et ressort de ce soin dans un \u00e9tat de d\u00e9tente des plus total.&nbsp; Rappelles toi qu&rsquo;une bonne th\u00e9rapeute tient en compte les limites de ses patients.<\/p>\n<p>Les ventouses \u00e0 froid (acryliques) ont par ailleurs une valve qui permet de doser l\u2019intensit\u00e9. Cela est d\u2019autant plus int\u00e9ressant pour les peaux fragiles et atypiques.<\/p>\t\t\t\t\t\t\t\t<\/div>\n\t\t\t\t<\/div>\n\t\t\t\t\t<\/div>\n\t\t<\/div>\n\t\t\t\t<div class=\"elementor-column elementor-col-50 elementor-top-column elementor-element elementor-element-28f6453\" data-id=\"28f6453\" data-element_type=\"column\" data-e-type=\"column\">\n\t\t\t<div class=\"elementor-widget-wrap elementor-element-populated\">\n\t\t\t\t\t\t<div class=\"elementor-element elementor-element-2ecb29d elementor-widget elementor-widget-image\" data-id=\"2ecb29d\" data-element_type=\"widget\" data-e-type=\"widget\" data-widget_type=\"image.default\">\n\t\t\t\t<div class=\"elementor-widget-container\">\n\t\t\t\t\t\t\t\t\t\t\t\t\t\t\t<img decoding=\"async\" width=\"768\" height=\"1024\" src=\"https:\/\/www.saoma.ch\/wp-content\/uploads\/2026\/01\/Soin-aux-ventouses-chinoises-768x1024.jpg\" class=\"attachment-large size-large wp-image-10266\" alt=\"\" srcset=\"https:\/\/www.saoma.ch\/wp-content\/uploads\/2026\/01\/Soin-aux-ventouses-chinoises-768x1024.jpg 768w, https:\/\/www.saoma.ch\/wp-content\/uploads\/2026\/01\/Soin-aux-ventouses-chinoises-225x300.jpg 225w, https:\/\/www.saoma.ch\/wp-content\/uploads\/2026\/01\/Soin-aux-ventouses-chinoises-1152x1536.jpg 1152w, https:\/\/www.saoma.ch\/wp-content\/uploads\/2026\/01\/Soin-aux-ventouses-chinoises-1536x2048.jpg 1536w, https:\/\/www.saoma.ch\/wp-content\/uploads\/2026\/01\/Soin-aux-ventouses-chinoises-scaled.jpg 1920w\" sizes=\"(max-width: 768px) 100vw, 768px\" \/>\t\t\t\t\t\t\t\t\t\t\t\t\t\t\t<\/div>\n\t\t\t\t<\/div>\n\t\t\t\t<div class=\"elementor-element elementor-element-69e3585 elementor-align-justify elementor-widget elementor-widget-button\" data-id=\"69e3585\" data-element_type=\"widget\" data-e-type=\"widget\" data-widget_type=\"button.default\">\n\t\t\t\t<div class=\"elementor-widget-container\">\n\t\t\t\t\t\t\t\t\t<div class=\"elementor-button-wrapper\">\n\t\t\t\t\t<a class=\"elementor-button elementor-button-link elementor-size-sm\" href=\"https:\/\/www.saoma.ch\/?page_id=16\" target=\"_blank\">\n\t\t\t\t\t\t<span class=\"elementor-button-content-wrapper\">\n\t\t\t\t\t\t<span class=\"elementor-button-icon\">\n\t\t\t\t<i aria-hidden=\"true\" class=\"fab fa-whatsapp\"><\/i>\t\t\t<\/span>\n\t\t\t\t\t\t\t\t\t<span class=\"elementor-button-text\">Je prends rendez-vous<\/span>\n\t\t\t\t\t<\/span>\n\t\t\t\t\t<\/a>\n\t\t\t\t<\/div>\n\t\t\t\t\t\t\t\t<\/div>\n\t\t\t\t<\/div>\n\t\t\t\t\t<\/div>\n\t\t<\/div>\n\t\t\t\t\t<\/div>\n\t\t<\/section>\n\t\t\t\t<section class=\"elementor-section elementor-top-section elementor-element elementor-element-5ce8120 elementor-section-full_width elementor-section-height-default elementor-section-height-default\" data-id=\"5ce8120\" data-element_type=\"section\" data-e-type=\"section\">\n\t\t\t\t\t\t<div class=\"elementor-container elementor-column-gap-default\">\n\t\t\t\t\t<div class=\"elementor-column elementor-col-100 elementor-top-column elementor-element elementor-element-0c82dd9\" data-id=\"0c82dd9\" data-element_type=\"column\" data-e-type=\"column\">\n\t\t\t<div class=\"elementor-widget-wrap elementor-element-populated\">\n\t\t\t\t\t\t<div class=\"elementor-element elementor-element-34d3581 elementor-widget elementor-widget-text-editor\" data-id=\"34d3581\" data-element_type=\"widget\" data-e-type=\"widget\" data-widget_type=\"text-editor.default\">\n\t\t\t\t<div class=\"elementor-widget-container\">\n\t\t\t\t\t\t\t\t\t<section data-id=\"a38eb4e\" data-element_type=\"section\"><\/section><section data-id=\"a38eb4e\" data-element_type=\"section\"><div><div><div data-id=\"faf5d6c\" data-element_type=\"column\"><div><div><div data-id=\"eab6f9b\" data-element_type=\"widget\" data-widget_type=\"text-editor.default\"><div><p>Soyez serein, et venez vous faire du bien. Pensez \u00e0 vous offrir un peu de repos et \u00e0 boire beaucoup d&rsquo;eau apr\u00e8s le soin si cela vous est possible car le corps et les \u00e9nergies qui circulent vous inviteront sans aucun doute \u00e0 la douceur !\u00a0<\/p><p>Et oui, vous allez possiblement ressembler \u00e0 une coccinelle !\u00a0<u><b>N&rsquo;exposez jamais les marques au soleil.<\/b><\/u><\/p><\/div><section class=\"elementor-section elementor-top-section elementor-element elementor-element-688ad21 elementor-section-full_width elementor-section-height-default elementor-section-height-default\" data-id=\"688ad21\" data-element_type=\"section\"><\/section><\/div><\/div><\/div><\/div><\/div><\/div><\/section>\t\t\t\t\t\t\t\t<\/div>\n\t\t\t\t<\/div>\n\t\t\t\t\t<\/div>\n\t\t<\/div>\n\t\t\t\t\t<\/div>\n\t\t<\/section>\n\t\t\t\t<section class=\"elementor-section elementor-top-section elementor-element elementor-element-d9bbba4 elementor-section-full_width elementor-section-height-default elementor-section-height-default\" data-id=\"d9bbba4\" data-element_type=\"section\" data-e-type=\"section\">\n\t\t\t\t\t\t<div class=\"elementor-container elementor-column-gap-default\">\n\t\t\t\t\t<div class=\"elementor-column elementor-col-100 elementor-top-column elementor-element elementor-element-4c8bf00\" data-id=\"4c8bf00\" data-element_type=\"column\" data-e-type=\"column\">\n\t\t\t<div class=\"elementor-widget-wrap elementor-element-populated\">\n\t\t\t\t\t\t<div class=\"elementor-element elementor-element-9d3a8d4 elementor-widget-divider--view-line elementor-widget elementor-widget-divider\" data-id=\"9d3a8d4\" data-element_type=\"widget\" data-e-type=\"widget\" data-widget_type=\"divider.default\">\n\t\t\t\t<div class=\"elementor-widget-container\">\n\t\t\t\t\t\t\t<div class=\"elementor-divider\">\n\t\t\t<span class=\"elementor-divider-separator\">\n\t\t\t\t\t\t<\/span>\n\t\t<\/div>\n\t\t\t\t\t\t<\/div>\n\t\t\t\t<\/div>\n\t\t\t\t<div class=\"elementor-element elementor-element-4cd1c08 elementor-widget elementor-widget-heading\" data-id=\"4cd1c08\" data-element_type=\"widget\" data-e-type=\"widget\" data-widget_type=\"heading.default\">\n\t\t\t\t<div class=\"elementor-widget-container\">\n\t\t\t\t\t<h1 class=\"elementor-heading-title elementor-size-default\"><strong>Pr\u00e9caution et tarif\u200b<\/strong><\/h1>\t\t\t\t<\/div>\n\t\t\t\t<\/div>\n\t\t\t\t<div class=\"elementor-element elementor-element-09d7e37 elementor-widget elementor-widget-text-editor\" data-id=\"09d7e37\" data-element_type=\"widget\" data-e-type=\"widget\" data-widget_type=\"text-editor.default\">\n\t\t\t\t<div class=\"elementor-widget-container\">\n\t\t\t\t\t\t\t\t\t<p>Certaines restrictions sont \u00e0 tenir en compte lors de ce soin.<br \/>C&rsquo;est pourquoi nous prenons un petit temps par t\u00e9l\u00e9phone lors de la prise de rendez-vous pour en parler.<\/p><p>Dur\u00e9e : 45 minutes<br \/>Tarif : 90.- CHF<\/p>\t\t\t\t\t\t\t\t<\/div>\n\t\t\t\t<\/div>\n\t\t\t\t\t<\/div>\n\t\t<\/div>\n\t\t\t\t\t<\/div>\n\t\t<\/section>\n\t\t\t\t<section class=\"elementor-section elementor-top-section elementor-element elementor-element-15af11a elementor-section-full_width elementor-section-height-default elementor-section-height-default\" data-id=\"15af11a\" data-element_type=\"section\" data-e-type=\"section\">\n\t\t\t\t\t\t<div class=\"elementor-container elementor-column-gap-default\">\n\t\t\t\t\t<div class=\"elementor-column elementor-col-100 elementor-top-column elementor-element elementor-element-8fe8c10\" data-id=\"8fe8c10\" data-element_type=\"column\" data-e-type=\"column\">\n\t\t\t<div class=\"elementor-widget-wrap elementor-element-populated\">\n\t\t\t\t\t\t<div class=\"elementor-element elementor-element-b029dd8 elementor-widget-divider--view-line elementor-widget elementor-widget-divider\" data-id=\"b029dd8\" data-element_type=\"widget\" data-e-type=\"widget\" data-widget_type=\"divider.default\">\n\t\t\t\t<div class=\"elementor-widget-container\">\n\t\t\t\t\t\t\t<div class=\"elementor-divider\">\n\t\t\t<span class=\"elementor-divider-separator\">\n\t\t\t\t\t\t<\/span>\n\t\t<\/div>\n\t\t\t\t\t\t<\/div>\n\t\t\t\t<\/div>\n\t\t\t\t\t<\/div>\n\t\t<\/div>\n\t\t\t\t\t<\/div>\n\t\t<\/section>\n\t\t\t\t<\/div>\n\t\t","protected":false},"excerpt":{"rendered":"<p>Soins aux ventouses et massages Les ventouses offrent de multiples possibilit\u00e9s :\u00a0 Elles diminuent le stress, apaisent l&rsquo;anxi\u00e9t\u00e9 et calment les tensions Diminue les douleurs de dos Apaisent les inflammations musculaires ou tendineuses Elles sont efficace dans les suites d&rsquo;op\u00e9rations, de blessures ou d&rsquo;accidents Pour les probl\u00e8mes bronchiques, la toux ou les pneumonies Elles remettent <a href=\"https:\/\/www.saoma.ch\/?page_id=2154\" class=\"read-more below\">READ MORE<\/a><\/p>\n","protected":false},"author":1,"featured_media":0,"parent":0,"menu_order":0,"comment_status":"closed","ping_status":"closed","template":"","meta":{"footnotes":""},"class_list":["post-2154","page","type-page","status-publish","hentry"],"_links":{"self":[{"href":"https:\/\/www.saoma.ch\/index.php?rest_route=\/wp\/v2\/pages\/2154","targetHints":{"allow":["GET"]}}],"collection":[{"href":"https:\/\/www.saoma.ch\/index.php?rest_route=\/wp\/v2\/pages"}],"about":[{"href":"https:\/\/www.saoma.ch\/index.php?rest_route=\/wp\/v2\/types\/page"}],"author":[{"embeddable":true,"href":"https:\/\/www.saoma.ch\/index.php?rest_route=\/wp\/v2\/users\/1"}],"replies":[{"embeddable":true,"href":"https:\/\/www.saoma.ch\/index.php?rest_route=%2Fwp%2Fv2%2Fcomments&post=2154"}],"version-history":[{"count":328,"href":"https:\/\/www.saoma.ch\/index.php?rest_route=\/wp\/v2\/pages\/2154\/revisions"}],"predecessor-version":[{"id":10387,"href":"https:\/\/www.saoma.ch\/index.php?rest_route=\/wp\/v2\/pages\/2154\/revisions\/10387"}],"wp:attachment":[{"href":"https:\/\/www.saoma.ch\/index.php?rest_route=%2Fwp%2Fv2%2Fmedia&parent=2154"}],"curies":[{"name":"wp","href":"https:\/\/api.w.org\/{rel}","templated":true}]}}