{"id":1878,"date":"2021-11-16T19:48:33","date_gmt":"2021-11-16T18:48:33","guid":{"rendered":"https:\/\/www.saoma.ch\/?page_id=1878"},"modified":"2026-01-06T01:12:21","modified_gmt":"2026-01-06T00:12:21","slug":"hypnose-quantique","status":"publish","type":"page","link":"https:\/\/www.saoma.ch\/?page_id=1878","title":{"rendered":"Hypnose quantique"},"content":{"rendered":"\t\t<div data-elementor-type=\"wp-page\" data-elementor-id=\"1878\" class=\"elementor elementor-1878\" data-elementor-post-type=\"page\">\n\t\t\t\t\t\t<section class=\"elementor-section elementor-top-section elementor-element elementor-element-a852297 elementor-section-full_width elementor-section-height-default elementor-section-height-default\" data-id=\"a852297\" data-element_type=\"section\" data-e-type=\"section\">\n\t\t\t\t\t\t<div class=\"elementor-container elementor-column-gap-default\">\n\t\t\t\t\t<div class=\"elementor-column elementor-col-100 elementor-top-column elementor-element elementor-element-accb428\" data-id=\"accb428\" data-element_type=\"column\" data-e-type=\"column\">\n\t\t\t<div class=\"elementor-widget-wrap elementor-element-populated\">\n\t\t\t\t\t\t<div class=\"elementor-element elementor-element-fffc16d elementor-widget elementor-widget-heading\" data-id=\"fffc16d\" data-element_type=\"widget\" data-e-type=\"widget\" data-widget_type=\"heading.default\">\n\t\t\t\t<div class=\"elementor-widget-container\">\n\t\t\t\t\t<p class=\"elementor-heading-title elementor-size-xl\">Hypnose de restructuration \u00e9nerg\u00e9tique et reprogrammation quantique<\/p>\t\t\t\t<\/div>\n\t\t\t\t<\/div>\n\t\t\t\t\t<\/div>\n\t\t<\/div>\n\t\t\t\t\t<\/div>\n\t\t<\/section>\n\t\t\t\t<section class=\"elementor-section elementor-top-section elementor-element elementor-element-d421c50 elementor-section-full_width elementor-section-height-default elementor-section-height-default\" data-id=\"d421c50\" data-element_type=\"section\" data-e-type=\"section\">\n\t\t\t\t\t\t<div class=\"elementor-container elementor-column-gap-default\">\n\t\t\t\t\t<div class=\"elementor-column elementor-col-100 elementor-top-column elementor-element elementor-element-7f81edd\" data-id=\"7f81edd\" data-element_type=\"column\" data-e-type=\"column\">\n\t\t\t<div class=\"elementor-widget-wrap elementor-element-populated\">\n\t\t\t\t\t\t<div class=\"elementor-element elementor-element-0b6812b elementor-widget-divider--view-line elementor-widget elementor-widget-divider\" data-id=\"0b6812b\" data-element_type=\"widget\" data-e-type=\"widget\" data-widget_type=\"divider.default\">\n\t\t\t\t<div class=\"elementor-widget-container\">\n\t\t\t\t\t\t\t<div class=\"elementor-divider\">\n\t\t\t<span class=\"elementor-divider-separator\">\n\t\t\t\t\t\t<\/span>\n\t\t<\/div>\n\t\t\t\t\t\t<\/div>\n\t\t\t\t<\/div>\n\t\t\t\t<div class=\"elementor-element elementor-element-fa6bac0 elementor-widget elementor-widget-text-editor\" data-id=\"fa6bac0\" data-element_type=\"widget\" data-e-type=\"widget\" data-widget_type=\"text-editor.default\">\n\t\t\t\t<div class=\"elementor-widget-container\">\n\t\t\t\t\t\t\t\t\t<p><strong>Un voyage pas comme les autres.&nbsp;<\/strong><\/p>\n<p>Je t&rsquo;invite \u00e0 lire tranquillement et jusqu&rsquo;au bout si ce soin t&rsquo;int\u00e9resse.&nbsp;L\u2019hypnose r\u00e9gressive quantique est un outil&nbsp;fabuleux qui permet l\u2019acc\u00e8s \u00e0 de profonds niveaux de consciences et ainsi entrer en contact avec ton moi-sup\u00e9rieur. Ce voyage astral est une transe puissante. Pr\u00e9vois un peu de calme au sortir du soin si cela t&rsquo;es possible.<\/p>\n<p><strong>Comment se d\u00e9roule une s\u00e9ance ? (Spoiler alerte, tu ne viens pas les mains dans poches).<\/strong><\/p>\n<ul>\n<li>Tout d&rsquo;abord nous avons un premier contact par WhatsApp ou par t\u00e9l\u00e9phone pour pr\u00e9parer ta s\u00e9ance.<\/li>\n<li>Tu as des choses \u00e0 pr\u00e9parer et une di\u00e8te sp\u00e9cifique \u00e0 mette en place dans les 48h pr\u00e9c\u00e9dents le soin.<\/li>\n<\/ul>\n<p><strong>Le jour de l&rsquo;hypnose, <\/strong>nous aurons tout d\u2019abord un moment d\u2019\u00e9change o\u00f9 nous ferons le point sur tes attentes, les questions ou probl\u00e9matiques que tu souhaites \u00e9claircir. Cela se fait notamment avec des outils issus de la PNL et me permet de construire la trame de ton voyage.&nbsp;<\/p>\n<p>Ensuite il y a la phase d&rsquo;induction, c&rsquo;est-\u00e0-dire la mise en \u00e9tat d\u2019hypnose. C&rsquo;est un \u00e9tat de relaxation intense qui ressemble \u00e0 s\u2019y m\u00e9prendre \u00e0 une phase de sommeil paradoxal. NB : t&rsquo;es pas l\u00e0 pour faire la sieste, je te ram\u00e8ne un peu plus proche si je vois que Morph\u00e9e te fais du pied&#8230; Mais en g\u00e9n\u00e9ral les gens ont tellement envie d&rsquo;avoir leurs r\u00e9ponses que c&rsquo;est rare qu&rsquo;ils partent aussi loin.<\/p>\n<p>Le voyage en lui-m\u00eame dure entre une et deux heures, et permet les choses suivantes :<\/p>\n<ul>\n<li>Mettre en lumi\u00e8re ta mission de vie<\/li>\n<li>Visiter des vies ant\u00e9rieures<\/li>\n<li>Communiquer avec des \u00eatres de lumi\u00e8re<\/li>\n<li>Rencontrer ton guides ou autres \u00e9nergies en pr\u00e9sence<\/li>\n<li>R\u00e9gler certaines probl\u00e9matiques de vie, sch\u00e9mas r\u00e9p\u00e9titifs, addictions, lever des blocages, l\u00e2cher certaines douleurs morales<\/li>\n<li>Nettoyer les entit\u00e9s qui vous collent, lever les pactes et magies et&nbsp;autres promesses<\/li>\n<li>Reconnecter \u00e0 des dons ou des connaissances<\/li>\n<li>Visiter l\u2019origine d\u2019une maladie et dans certains cas s\u2019en lib\u00e9rer (endom\u00e9triose, spondylarthrite ankylosante, d\u00e9pression, addiction, surpoids, etc.)<\/li>\n<li>Visiter diff\u00e9rentes endroits, diff\u00e9rents plans, plan\u00e8tes, etc<\/li>\n<li>Conna\u00eetre l&rsquo;origine de votre \u00e2me<\/li>\n<li>Etc&#8230;<\/li>\n<\/ul>\n<div>Je serais ta pilote et toi le canal. (Sois tranquille, je te guide tout du long).<\/div>\n<p>Il peut arriver qu\u2019une personne se dise que la s\u00e9ance n\u2019a pas fonctionn\u00e9 car son mental est toujours en \u00ab&nbsp;activit\u00e9&nbsp;\u00bb ou en train d\u2019interf\u00e9rer. En effet, <b>il peut \u00eatre d\u00e9licat pour la personne de faire la diff\u00e9rence entre un \u00e9tat de conscience \u00e9largie et ce qui vient de son imagination.&nbsp;<\/b>Toutefois des signaux clairs sont \u00e0 ma disposition pour valider que tu es bien en \u00e9tat d&rsquo;hypnose et tu n&rsquo;as aucun contr\u00f4le-l\u00e0 dessus. Et en sommes, ton mental peut bien analyser ce qu\u2019il a envie pendant la s\u00e9ance puisqu\u2019il n\u2019a rien d\u2019autre \u00e0 faire pendant ce temps. Non ? Tant qu\u2019il me laisse l\u2019acc\u00e8s libre \u00e0 la partie inconsciente il ne nous d\u00e9range pas. C&rsquo;est mon r\u00f4le de naviguer avec lui. Tout comme s\u00e9curiser ce qui a besoin de l&rsquo;\u00eatre et respecter tes limites ! Par ailleurs, la perte de contr\u00f4le est l&rsquo;une des peur les plus fr\u00e9quentes lorsque les gens m&rsquo;appellent.&nbsp;<b>Alors sache que tu reste ma\u00eetre de ton libre arbitre lors de ce voyage. <\/b>La transe hypnotique est une modification au niveau de tes ondes c\u00e9r\u00e9brales, tout simplement. Et ce n&rsquo;est peut-\u00eatre pas aussi spectaculaire que tu l&rsquo;imagines, m\u00eame si oui, ce qu&rsquo;on y fait est absolument dingue.<\/p>\t\t\t\t\t\t\t\t<\/div>\n\t\t\t\t<\/div>\n\t\t\t\t\t<\/div>\n\t\t<\/div>\n\t\t\t\t\t<\/div>\n\t\t<\/section>\n\t\t\t\t<section class=\"elementor-section elementor-top-section elementor-element elementor-element-34b7ef9 elementor-section-full_width elementor-section-height-default elementor-section-height-default\" data-id=\"34b7ef9\" data-element_type=\"section\" data-e-type=\"section\">\n\t\t\t\t\t\t<div class=\"elementor-container elementor-column-gap-default\">\n\t\t\t\t\t<div class=\"elementor-column elementor-col-50 elementor-top-column elementor-element elementor-element-ae141d0\" data-id=\"ae141d0\" data-element_type=\"column\" data-e-type=\"column\">\n\t\t\t<div class=\"elementor-widget-wrap elementor-element-populated\">\n\t\t\t\t\t\t<div class=\"elementor-element elementor-element-7f5767e elementor-widget__width-initial elementor-widget elementor-widget-image\" data-id=\"7f5767e\" data-element_type=\"widget\" data-e-type=\"widget\" data-widget_type=\"image.default\">\n\t\t\t\t<div class=\"elementor-widget-container\">\n\t\t\t\t\t\t\t\t\t\t\t\t\t\t\t<img fetchpriority=\"high\" decoding=\"async\" width=\"768\" height=\"1024\" src=\"https:\/\/www.saoma.ch\/wp-content\/uploads\/2026\/01\/Cabinet-corsier-768x1024.jpg\" class=\"attachment-large size-large wp-image-10233\" alt=\"\" srcset=\"https:\/\/www.saoma.ch\/wp-content\/uploads\/2026\/01\/Cabinet-corsier-768x1024.jpg 768w, https:\/\/www.saoma.ch\/wp-content\/uploads\/2026\/01\/Cabinet-corsier-225x300.jpg 225w, https:\/\/www.saoma.ch\/wp-content\/uploads\/2026\/01\/Cabinet-corsier-1152x1536.jpg 1152w, https:\/\/www.saoma.ch\/wp-content\/uploads\/2026\/01\/Cabinet-corsier-1536x2048.jpg 1536w, https:\/\/www.saoma.ch\/wp-content\/uploads\/2026\/01\/Cabinet-corsier-scaled.jpg 1920w\" sizes=\"(max-width: 768px) 100vw, 768px\" \/>\t\t\t\t\t\t\t\t\t\t\t\t\t\t\t<\/div>\n\t\t\t\t<\/div>\n\t\t\t\t\t<\/div>\n\t\t<\/div>\n\t\t\t\t<div class=\"elementor-column elementor-col-50 elementor-top-column elementor-element elementor-element-1ae994d\" data-id=\"1ae994d\" data-element_type=\"column\" data-e-type=\"column\">\n\t\t\t<div class=\"elementor-widget-wrap elementor-element-populated\">\n\t\t\t\t\t\t<div class=\"elementor-element elementor-element-4d4f558 elementor-widget__width-initial elementor-widget elementor-widget-text-editor\" data-id=\"4d4f558\" data-element_type=\"widget\" data-e-type=\"widget\" data-widget_type=\"text-editor.default\">\n\t\t\t\t<div class=\"elementor-widget-container\">\n\t\t\t\t\t\t\t\t\t<p><strong><i>\u00abJ&rsquo;aimerais bien, mais je ne suis pas hypnotisable\u00bb\u00a0FAUX !<\/i><\/strong><\/p><p>Ceci est une croyance limitante. On en parle de ton smartphone ? Je pense que tu as saisis l&rsquo;id\u00e9e et qu&rsquo;il n&rsquo;est pas n\u00e9cessaire d&rsquo;en rajouter&#8230;. ^^<\/p><p>Cependant, si tu pose une intention claire d\u00e8s le d\u00e9part que tu ne sera pas hypnotisable, tu me bloques l\u2019acc\u00e8s \u00e0 ta partie inconsciente. Dans ce cas pourquoi venir chez moi, je te le demande ?<\/p><p>Cela n\u2019a peut-\u00eatre pas fonctionn\u00e9 les 3 premi\u00e8res fois, \u00e7a c&rsquo;est possible. Mais :<\/p><ul><li>Peut-\u00eatre n\u2019\u00e9tais-tu pas en pleine confiance avec ton\/ta th\u00e9rapeute ?\u00a0<\/li><li>Inconsciemment il\/elle te renvoyait physiquement \u00e0 quelqu\u2019un que tu n\u2019appr\u00e9cies pas ?\u00a0<\/li><li>Ou n\u2019\u00e9tait-ce finalement pas le moment pour toi d&rsquo;ouvrir certains tiroirs ?\u00a0<\/li><\/ul><p>Les causes peuvent \u00eatre multiples. Cela\u00a0arrive vraiment rarement dans mes accompagnement, mais \u00e7a peut.<\/p><p>Dans ce cas, je porte \u00e0 ta conscience que peu importe l\u2019issue de la s\u00e9ance, elle est consid\u00e9r\u00e9e comme b\u00e9n\u00e9fique et r\u00e9ussie. Ne serait-ce que par l\u2019approche pr\u00e9alable avec des outils de PNL, l\u2019\u00e9tat de relaxation profonde et la mise en lumi\u00e8re de ce qui a bloqu\u00e9 l\u2019acc\u00e8s au voyage. Cela t&rsquo;offre un axe de travail pr\u00e9cieux, peut-\u00eatre pas celui escompt\u00e9 en arrivant, n\u00e9anmoins l&rsquo;urgence du moment. On en profite donc pour checker ce qui se cache derri\u00e8re par d&rsquo;autres moyens.<\/p>\t\t\t\t\t\t\t\t<\/div>\n\t\t\t\t<\/div>\n\t\t\t\t\t<\/div>\n\t\t<\/div>\n\t\t\t\t\t<\/div>\n\t\t<\/section>\n\t\t\t\t<section class=\"elementor-section elementor-top-section elementor-element elementor-element-857be09 elementor-section-full_width elementor-section-height-default elementor-section-height-default\" data-id=\"857be09\" data-element_type=\"section\" data-e-type=\"section\">\n\t\t\t\t\t\t<div class=\"elementor-container elementor-column-gap-default\">\n\t\t\t\t\t<div class=\"elementor-column elementor-col-100 elementor-top-column elementor-element elementor-element-60c0468\" data-id=\"60c0468\" data-element_type=\"column\" data-e-type=\"column\">\n\t\t\t<div class=\"elementor-widget-wrap elementor-element-populated\">\n\t\t\t\t\t\t<div class=\"elementor-element elementor-element-8e8c612 elementor-widget elementor-widget-text-editor\" data-id=\"8e8c612\" data-element_type=\"widget\" data-e-type=\"widget\" data-widget_type=\"text-editor.default\">\n\t\t\t\t<div class=\"elementor-widget-container\">\n\t\t\t\t\t\t\t\t\t<p>De plus, si tu arriv\u00e9s sur cette page, c\u2019est que tu as conscience qu\u2019il existe autre chose que le corps physique, que la r\u00e9incarnation te parle et que nous sommes beaucoup plus que de simples mortels. Nous faisons partie du grand tout, de l\u2019univers et somme des particules divines issues de la source. Et donc si nous sommes une particule de la source, qui sommes-nous pour dire que le corps mental m&rsquo;en fait pas partie ?!<\/p><p><strong>Cette exp\u00e9rience en a surpris plus d\u2019un.e et m\u00eame les sceptiques ! <\/strong>N\u2019h\u00e9sites pas \u00e0 aller checker les avis sur le <strong><a href=\"https:\/\/www.saoma.ch\/?page_id=3176\" target=\"_blank\" rel=\"noopener\">Google de sa\u00d4Ma<\/a><\/strong>. Garantis 100% authentiques.<br \/>Il me tarde de t&rsquo;accompagner dans ce voyage qui me fascine autant que vous.<\/p>\t\t\t\t\t\t\t\t<\/div>\n\t\t\t\t<\/div>\n\t\t\t\t\t<\/div>\n\t\t<\/div>\n\t\t\t\t\t<\/div>\n\t\t<\/section>\n\t\t\t\t<section class=\"elementor-section elementor-top-section elementor-element elementor-element-5c76d5c elementor-section-full_width elementor-section-height-default elementor-section-height-default\" data-id=\"5c76d5c\" data-element_type=\"section\" data-e-type=\"section\">\n\t\t\t\t\t\t<div class=\"elementor-container elementor-column-gap-default\">\n\t\t\t\t\t<div class=\"elementor-column elementor-col-100 elementor-top-column elementor-element elementor-element-52a61ee\" data-id=\"52a61ee\" data-element_type=\"column\" data-e-type=\"column\">\n\t\t\t<div class=\"elementor-widget-wrap elementor-element-populated\">\n\t\t\t\t\t\t<div class=\"elementor-element elementor-element-f97168d elementor-align-justify elementor-widget elementor-widget-button\" data-id=\"f97168d\" data-element_type=\"widget\" data-e-type=\"widget\" data-widget_type=\"button.default\">\n\t\t\t\t<div class=\"elementor-widget-container\">\n\t\t\t\t\t\t\t\t\t<div class=\"elementor-button-wrapper\">\n\t\t\t\t\t<a class=\"elementor-button elementor-button-link elementor-size-sm\" href=\"https:\/\/api.whatsapp.com\/send?phone=41796229548#\" target=\"_blank\">\n\t\t\t\t\t\t<span class=\"elementor-button-content-wrapper\">\n\t\t\t\t\t\t<span class=\"elementor-button-icon\">\n\t\t\t\t<i aria-hidden=\"true\" class=\"fab fa-whatsapp\"><\/i>\t\t\t<\/span>\n\t\t\t\t\t\t\t\t\t<span class=\"elementor-button-text\">Waow, \u00e7a \u00e0 l'air dingue. Je prends rdv !<\/span>\n\t\t\t\t\t<\/span>\n\t\t\t\t\t<\/a>\n\t\t\t\t<\/div>\n\t\t\t\t\t\t\t\t<\/div>\n\t\t\t\t<\/div>\n\t\t\t\t<div class=\"elementor-element elementor-element-0728b76 elementor-widget-divider--view-line elementor-widget elementor-widget-divider\" data-id=\"0728b76\" data-element_type=\"widget\" data-e-type=\"widget\" data-widget_type=\"divider.default\">\n\t\t\t\t<div class=\"elementor-widget-container\">\n\t\t\t\t\t\t\t<div class=\"elementor-divider\">\n\t\t\t<span class=\"elementor-divider-separator\">\n\t\t\t\t\t\t<\/span>\n\t\t<\/div>\n\t\t\t\t\t\t<\/div>\n\t\t\t\t<\/div>\n\t\t\t\t<div class=\"elementor-element elementor-element-f989209 elementor-widget elementor-widget-heading\" data-id=\"f989209\" data-element_type=\"widget\" data-e-type=\"widget\" data-widget_type=\"heading.default\">\n\t\t\t\t<div class=\"elementor-widget-container\">\n\t\t\t\t\t<h1 class=\"elementor-heading-title elementor-size-xl\">Tarif et infos<\/h1>\t\t\t\t<\/div>\n\t\t\t\t<\/div>\n\t\t\t\t<div class=\"elementor-element elementor-element-35480a3 elementor-widget elementor-widget-text-editor\" data-id=\"35480a3\" data-element_type=\"widget\" data-e-type=\"widget\" data-widget_type=\"text-editor.default\">\n\t\t\t\t<div class=\"elementor-widget-container\">\n\t\t\t\t\t\t\t\t\t<p>Dur\u00e9e maximum 3 heures.\u00a0Tarif : 300.- Chf ind\u00e9pendamment de l&rsquo;issue de la s\u00e9ance et du temps.<\/p><p>Des places de parc payantes pour dur\u00e9es longues sont disponibles au parc Chapelin \u00e0 Corsier.\u00a0<a href=\"https:\/\/maps.app.goo.gl\/1gUFBoDp7CTmM8FM6\" target=\"_blank\" rel=\"noopener\">(Acc\u00e9der au \u00abParking de la Planie\u00bb sur Google Maps).<\/a><\/p>\t\t\t\t\t\t\t\t<\/div>\n\t\t\t\t<\/div>\n\t\t\t\t\t<\/div>\n\t\t<\/div>\n\t\t\t\t\t<\/div>\n\t\t<\/section>\n\t\t\t\t<section class=\"elementor-section elementor-top-section elementor-element elementor-element-01f2b26 elementor-section-full_width elementor-section-height-default elementor-section-height-default\" data-id=\"01f2b26\" data-element_type=\"section\" data-e-type=\"section\">\n\t\t\t\t\t\t<div class=\"elementor-container elementor-column-gap-default\">\n\t\t\t\t\t<div class=\"elementor-column elementor-col-100 elementor-top-column elementor-element elementor-element-5b87004\" data-id=\"5b87004\" data-element_type=\"column\" data-e-type=\"column\">\n\t\t\t<div class=\"elementor-widget-wrap elementor-element-populated\">\n\t\t\t\t\t\t<div class=\"elementor-element elementor-element-e1c32a0 elementor-widget-divider--view-line elementor-widget elementor-widget-divider\" data-id=\"e1c32a0\" data-element_type=\"widget\" data-e-type=\"widget\" data-widget_type=\"divider.default\">\n\t\t\t\t<div class=\"elementor-widget-container\">\n\t\t\t\t\t\t\t<div class=\"elementor-divider\">\n\t\t\t<span class=\"elementor-divider-separator\">\n\t\t\t\t\t\t<\/span>\n\t\t<\/div>\n\t\t\t\t\t\t<\/div>\n\t\t\t\t<\/div>\n\t\t\t\t\t<\/div>\n\t\t<\/div>\n\t\t\t\t\t<\/div>\n\t\t<\/section>\n\t\t\t\t<\/div>\n\t\t","protected":false},"excerpt":{"rendered":"<p>Hypnose de restructuration \u00e9nerg\u00e9tique et reprogrammation quantique Un voyage pas comme les autres.&nbsp; Je t&rsquo;invite \u00e0 lire tranquillement et jusqu&rsquo;au bout si ce soin t&rsquo;int\u00e9resse.&nbsp;L\u2019hypnose r\u00e9gressive quantique est un outil&nbsp;fabuleux qui permet l\u2019acc\u00e8s \u00e0 de profonds niveaux de consciences et ainsi entrer en contact avec ton moi-sup\u00e9rieur. Ce voyage astral est une transe puissante. Pr\u00e9vois <a href=\"https:\/\/www.saoma.ch\/?page_id=1878\" class=\"read-more below\">READ MORE<\/a><\/p>\n","protected":false},"author":1,"featured_media":0,"parent":0,"menu_order":0,"comment_status":"closed","ping_status":"closed","template":"","meta":{"footnotes":""},"class_list":["post-1878","page","type-page","status-publish","hentry"],"_links":{"self":[{"href":"https:\/\/www.saoma.ch\/index.php?rest_route=\/wp\/v2\/pages\/1878","targetHints":{"allow":["GET"]}}],"collection":[{"href":"https:\/\/www.saoma.ch\/index.php?rest_route=\/wp\/v2\/pages"}],"about":[{"href":"https:\/\/www.saoma.ch\/index.php?rest_route=\/wp\/v2\/types\/page"}],"author":[{"embeddable":true,"href":"https:\/\/www.saoma.ch\/index.php?rest_route=\/wp\/v2\/users\/1"}],"replies":[{"embeddable":true,"href":"https:\/\/www.saoma.ch\/index.php?rest_route=%2Fwp%2Fv2%2Fcomments&post=1878"}],"version-history":[{"count":327,"href":"https:\/\/www.saoma.ch\/index.php?rest_route=\/wp\/v2\/pages\/1878\/revisions"}],"predecessor-version":[{"id":10546,"href":"https:\/\/www.saoma.ch\/index.php?rest_route=\/wp\/v2\/pages\/1878\/revisions\/10546"}],"wp:attachment":[{"href":"https:\/\/www.saoma.ch\/index.php?rest_route=%2Fwp%2Fv2%2Fmedia&parent=1878"}],"curies":[{"name":"wp","href":"https:\/\/api.w.org\/{rel}","templated":true}]}}