{"id":12,"date":"2019-01-18T11:12:25","date_gmt":"2019-01-18T10:12:25","guid":{"rendered":"http:\/\/www.saoma.ch\/?page_id=12"},"modified":"2025-12-07T18:43:37","modified_gmt":"2025-12-07T17:43:37","slug":"les-tarifs","status":"publish","type":"page","link":"https:\/\/www.saoma.ch\/?page_id=12","title":{"rendered":"Les Tarifs"},"content":{"rendered":"\t\t<div data-elementor-type=\"wp-page\" data-elementor-id=\"12\" class=\"elementor elementor-12\" data-elementor-post-type=\"page\">\n\t\t\t\t\t\t<section class=\"elementor-section elementor-top-section elementor-element elementor-element-21ae042 elementor-section-full_width elementor-section-height-default elementor-section-height-default\" data-id=\"21ae042\" data-element_type=\"section\" data-e-type=\"section\">\n\t\t\t\t\t\t<div class=\"elementor-container elementor-column-gap-default\">\n\t\t\t\t\t<div class=\"elementor-column elementor-col-100 elementor-top-column elementor-element elementor-element-caac61a\" data-id=\"caac61a\" data-element_type=\"column\" data-e-type=\"column\">\n\t\t\t<div class=\"elementor-widget-wrap elementor-element-populated\">\n\t\t\t\t\t\t<div class=\"elementor-element elementor-element-ea154e1 elementor-widget elementor-widget-heading\" data-id=\"ea154e1\" data-element_type=\"widget\" data-e-type=\"widget\" data-widget_type=\"heading.default\">\n\t\t\t\t<div class=\"elementor-widget-container\">\n\t\t\t\t\t<p class=\"elementor-heading-title elementor-size-xl\">En qu\u00eate d'une id\u00e9e cadeau ? Entre conscience et bien-\u00catre.<\/p>\t\t\t\t<\/div>\n\t\t\t\t<\/div>\n\t\t\t\t<div class=\"elementor-element elementor-element-3dc7fc6 elementor-widget elementor-widget-spacer\" data-id=\"3dc7fc6\" data-element_type=\"widget\" data-e-type=\"widget\" data-widget_type=\"spacer.default\">\n\t\t\t\t<div class=\"elementor-widget-container\">\n\t\t\t\t\t\t\t<div class=\"elementor-spacer\">\n\t\t\t<div class=\"elementor-spacer-inner\"><\/div>\n\t\t<\/div>\n\t\t\t\t\t\t<\/div>\n\t\t\t\t<\/div>\n\t\t\t\t\t<\/div>\n\t\t<\/div>\n\t\t\t\t\t<\/div>\n\t\t<\/section>\n\t\t\t\t<section class=\"elementor-section elementor-top-section elementor-element elementor-element-925b186 elementor-section-full_width elementor-section-height-default elementor-section-height-default\" data-id=\"925b186\" data-element_type=\"section\" data-e-type=\"section\">\n\t\t\t\t\t\t<div class=\"elementor-container elementor-column-gap-default\">\n\t\t\t\t\t<div class=\"elementor-column elementor-col-50 elementor-top-column elementor-element elementor-element-f529bbd\" data-id=\"f529bbd\" data-element_type=\"column\" data-e-type=\"column\">\n\t\t\t<div class=\"elementor-widget-wrap elementor-element-populated\">\n\t\t\t\t\t\t<div class=\"elementor-element elementor-element-efb177e elementor-widget elementor-widget-text-editor\" data-id=\"efb177e\" data-element_type=\"widget\" data-e-type=\"widget\" data-widget_type=\"text-editor.default\">\n\t\t\t\t<div class=\"elementor-widget-container\">\n\t\t\t\t\t\t\t\t\t<div><p>Tu choisis le montant et la personne l&rsquo;utilise pour le soin qu&rsquo;elle souhaite. Comme \u00e7a, aucun doute que \u00e7a lui fera v\u00e9ritablement plaisir !<\/p><p>Passes ta commande d\u00e8s maintenant et re\u00e7ois ton bon \u00e0 printer \u00e0 la maison.<br \/>Si tu n&rsquo;as pas d&rsquo;imprimante, laisse-moi savoir et j&rsquo;arrange \u00e7a.<\/p><\/div><div><strong>Les conditions<br \/><\/strong><strong><br \/><\/strong><\/div><ul><li><b>Offre valable jusqu&rsquo;au 24 d\u00e9cembre \u00e0 12h<\/b><\/li><li>Validit\u00e9 un an \u00e0 partir de la date d&rsquo;\u00e9mission<\/li><li>Pas de remboursement en esp\u00e8ce (report sur un prochain soin)<\/li><\/ul><div><strong>Valable sur les soins de bases<\/strong><\/div>\t\t\t\t\t\t\t\t<\/div>\n\t\t\t\t<\/div>\n\t\t\t\t<section class=\"elementor-section elementor-inner-section elementor-element elementor-element-86fbe33 elementor-section-boxed elementor-section-height-default elementor-section-height-default\" data-id=\"86fbe33\" data-element_type=\"section\" data-e-type=\"section\">\n\t\t\t\t\t\t<div class=\"elementor-container elementor-column-gap-default\">\n\t\t\t\t\t<div class=\"elementor-column elementor-col-100 elementor-inner-column elementor-element elementor-element-563e9bb\" data-id=\"563e9bb\" data-element_type=\"column\" data-e-type=\"column\">\n\t\t\t<div class=\"elementor-widget-wrap elementor-element-populated\">\n\t\t\t\t\t\t<div class=\"elementor-element elementor-element-0881b9e elementor-widget elementor-widget-text-editor\" data-id=\"0881b9e\" data-element_type=\"widget\" data-e-type=\"widget\" data-widget_type=\"text-editor.default\">\n\t\t\t\t<div class=\"elementor-widget-container\">\n\t\t\t\t\t\t\t\t\t<ul><li><a href=\"https:\/\/www.saoma.ch\/?page_id=827\" target=\"_blank\" rel=\"noopener\">Bior\u00e9sonance<\/a><\/li><li><a href=\"https:\/\/www.saoma.ch\/?page_id=1344\" target=\"_blank\" rel=\"noopener\">Coaching \u00e9motionnel<\/a><\/li><li><a href=\"https:\/\/www.saoma.ch\/?page_id=823\" target=\"_blank\" rel=\"noopener\">EFT &#8211; psychologie \u00e9nerg\u00e9tique<\/a><\/li><li><a href=\"https:\/\/www.saoma.ch\/?page_id=1878\" target=\"_blank\" rel=\"noopener\">Hypnose r\u00e9gressive<\/a><\/li><li><a href=\"https:\/\/www.saoma.ch\/?page_id=2154\" target=\"_blank\" rel=\"noopener\">Soins aux ventouses<\/a><\/li><li><a href=\"https:\/\/www.saoma.ch\/?page_id=8563\" target=\"_blank\" rel=\"noopener\">Voyage au tambour<\/a><\/li><\/ul>\t\t\t\t\t\t\t\t<\/div>\n\t\t\t\t<\/div>\n\t\t\t\t\t<\/div>\n\t\t<\/div>\n\t\t\t\t\t<\/div>\n\t\t<\/section>\n\t\t\t\t\t<\/div>\n\t\t<\/div>\n\t\t\t\t<div class=\"elementor-column elementor-col-50 elementor-top-column elementor-element elementor-element-282d138\" data-id=\"282d138\" data-element_type=\"column\" data-e-type=\"column\">\n\t\t\t<div class=\"elementor-widget-wrap elementor-element-populated\">\n\t\t\t\t\t\t<div class=\"elementor-element elementor-element-f32bd63 elementor-widget elementor-widget-image\" data-id=\"f32bd63\" data-element_type=\"widget\" data-e-type=\"widget\" data-widget_type=\"image.default\">\n\t\t\t\t<div class=\"elementor-widget-container\">\n\t\t\t\t\t\t\t\t\t\t\t\t<figure class=\"wp-caption\">\n\t\t\t\t\t\t\t\t\t\t<img decoding=\"async\" src=\"https:\/\/www.saoma.ch\/wp-content\/uploads\/elementor\/thumbs\/1000249789-rfhojwwac5mmtsljox21cnowg8v81hxejdivbmxw44.png\" title=\"1000249789\" alt=\"1000249789\" loading=\"lazy\" \/>\t\t\t\t\t\t\t\t\t\t\t<figcaption class=\"widget-image-caption wp-caption-text\">Valable \u00e9galement pour les s\u00e9ances en visio.<\/figcaption>\n\t\t\t\t\t\t\t\t\t\t<\/figure>\n\t\t\t\t\t\t\t\t\t<\/div>\n\t\t\t\t<\/div>\n\t\t\t\t<div class=\"elementor-element elementor-element-f0bffa5 elementor-align-center elementor-widget elementor-widget-button\" data-id=\"f0bffa5\" data-element_type=\"widget\" data-e-type=\"widget\" data-widget_type=\"button.default\">\n\t\t\t\t<div class=\"elementor-widget-container\">\n\t\t\t\t\t\t\t\t\t<div class=\"elementor-button-wrapper\">\n\t\t\t\t\t<a class=\"elementor-button elementor-button-link elementor-size-xl\" href=\"https:\/\/www.saoma.ch\/?page_id=16\">\n\t\t\t\t\t\t<span class=\"elementor-button-content-wrapper\">\n\t\t\t\t\t\t\t\t\t<span class=\"elementor-button-text\">Quelle super id\u00e9e, je passe commande !<\/span>\n\t\t\t\t\t<\/span>\n\t\t\t\t\t<\/a>\n\t\t\t\t<\/div>\n\t\t\t\t\t\t\t\t<\/div>\n\t\t\t\t<\/div>\n\t\t\t\t\t<\/div>\n\t\t<\/div>\n\t\t\t\t\t<\/div>\n\t\t<\/section>\n\t\t\t\t<section class=\"elementor-section elementor-top-section elementor-element elementor-element-27b4029 elementor-section-full_width elementor-section-height-default elementor-section-height-default\" data-id=\"27b4029\" data-element_type=\"section\" data-e-type=\"section\">\n\t\t\t\t\t\t<div class=\"elementor-container elementor-column-gap-default\">\n\t\t\t\t\t<div class=\"elementor-column elementor-col-100 elementor-top-column elementor-element elementor-element-5be6643\" data-id=\"5be6643\" data-element_type=\"column\" data-e-type=\"column\">\n\t\t\t<div class=\"elementor-widget-wrap elementor-element-populated\">\n\t\t\t\t\t\t<div class=\"elementor-element elementor-element-7ea9025 elementor-widget-divider--view-line elementor-widget elementor-widget-divider\" data-id=\"7ea9025\" data-element_type=\"widget\" data-e-type=\"widget\" data-widget_type=\"divider.default\">\n\t\t\t\t<div class=\"elementor-widget-container\">\n\t\t\t\t\t\t\t<div class=\"elementor-divider\">\n\t\t\t<span class=\"elementor-divider-separator\">\n\t\t\t\t\t\t<\/span>\n\t\t<\/div>\n\t\t\t\t\t\t<\/div>\n\t\t\t\t<\/div>\n\t\t\t\t\t<\/div>\n\t\t<\/div>\n\t\t\t\t\t<\/div>\n\t\t<\/section>\n\t\t\t\t<\/div>\n\t\t","protected":false},"excerpt":{"rendered":"<p>En qu\u00eate d&rsquo;une id\u00e9e cadeau ? Entre conscience et bien-\u00catre. Tu choisis le montant et la personne l&rsquo;utilise pour le soin qu&rsquo;elle souhaite. Comme \u00e7a, aucun doute que \u00e7a lui fera v\u00e9ritablement plaisir ! Passes ta commande d\u00e8s maintenant et re\u00e7ois ton bon \u00e0 printer \u00e0 la maison.Si tu n&rsquo;as pas d&rsquo;imprimante, laisse-moi savoir et <a href=\"https:\/\/www.saoma.ch\/?page_id=12\" class=\"read-more below\">READ MORE<\/a><\/p>\n","protected":false},"author":1,"featured_media":0,"parent":0,"menu_order":0,"comment_status":"closed","ping_status":"closed","template":"","meta":{"footnotes":""},"class_list":["post-12","page","type-page","status-publish","hentry"],"_links":{"self":[{"href":"https:\/\/www.saoma.ch\/index.php?rest_route=\/wp\/v2\/pages\/12","targetHints":{"allow":["GET"]}}],"collection":[{"href":"https:\/\/www.saoma.ch\/index.php?rest_route=\/wp\/v2\/pages"}],"about":[{"href":"https:\/\/www.saoma.ch\/index.php?rest_route=\/wp\/v2\/types\/page"}],"author":[{"embeddable":true,"href":"https:\/\/www.saoma.ch\/index.php?rest_route=\/wp\/v2\/users\/1"}],"replies":[{"embeddable":true,"href":"https:\/\/www.saoma.ch\/index.php?rest_route=%2Fwp%2Fv2%2Fcomments&post=12"}],"version-history":[{"count":502,"href":"https:\/\/www.saoma.ch\/index.php?rest_route=\/wp\/v2\/pages\/12\/revisions"}],"predecessor-version":[{"id":9030,"href":"https:\/\/www.saoma.ch\/index.php?rest_route=\/wp\/v2\/pages\/12\/revisions\/9030"}],"wp:attachment":[{"href":"https:\/\/www.saoma.ch\/index.php?rest_route=%2Fwp%2Fv2%2Fmedia&parent=12"}],"curies":[{"name":"wp","href":"https:\/\/api.w.org\/{rel}","templated":true}]}}